{"id":1094,"date":"2025-05-21T09:31:24","date_gmt":"2025-05-21T09:31:24","guid":{"rendered":"https:\/\/kontomed.com\/datenschutz\/"},"modified":"2026-01-27T16:34:49","modified_gmt":"2026-01-27T16:34:49","slug":"datenschutz","status":"publish","type":"page","link":"https:\/\/kontomed.com\/de\/datenschutz\/","title":{"rendered":"Datenschutz"},"content":{"rendered":"\t\t<div data-elementor-type=\"wp-page\" data-elementor-id=\"1094\" class=\"elementor elementor-1094 elementor-427\" data-elementor-post-type=\"page\">\n\t\t\t\t<div class=\"elementor-element elementor-element-13059aa e-flex e-con-boxed e-con e-parent\" data-id=\"13059aa\" data-element_type=\"container\" data-e-type=\"container\" data-settings=\"{&quot;background_background&quot;:&quot;classic&quot;}\">\n\t\t\t\t\t<div class=\"e-con-inner\">\n\t\t<div class=\"elementor-element elementor-element-3b42337 e-con-full e-flex e-con e-child\" data-id=\"3b42337\" data-element_type=\"container\" data-e-type=\"container\">\n\t\t\t\t<div class=\"elementor-element elementor-element-f44797b elementor-widget elementor-widget-heading\" data-id=\"f44797b\" data-element_type=\"widget\" data-e-type=\"widget\" data-widget_type=\"heading.default\">\n\t\t\t\t<div class=\"elementor-widget-container\">\n\t\t\t\t\t<h1 class=\"elementor-heading-title elementor-size-default\">Datenschutz<\/h1>\t\t\t\t<\/div>\n\t\t\t\t<\/div>\n\t\t\t\t<div class=\"elementor-element elementor-element-f4f67c7 elementor-widget elementor-widget-text-editor\" data-id=\"f4f67c7\" data-element_type=\"widget\" data-e-type=\"widget\" data-widget_type=\"text-editor.default\">\n\t\t\t\t<div class=\"elementor-widget-container\">\n\t\t\t\t\t\t\t\t\t<p>Die Sicherheit und Vertraulichkeit der Gesundheitsdaten der Nutzer ist die Grundlage von Konto. Alle Systeme sind &#8222;privacy by design&#8220; und &#8222;privacy by default&#8220;, in \u00dcbereinstimmung mit der GDPR und den europ\u00e4ischen Datenschutzbestimmungen, konzipiert. <\/p>\t\t\t\t\t\t\t\t<\/div>\n\t\t\t\t<\/div>\n\t\t\t\t<\/div>\n\t\t\t\t\t<\/div>\n\t\t\t\t<\/div>\n\t\t<div class=\"elementor-element elementor-element-50673ae e-flex e-con-boxed e-con e-parent\" data-id=\"50673ae\" data-element_type=\"container\" data-e-type=\"container\" data-settings=\"{&quot;background_background&quot;:&quot;classic&quot;}\">\n\t\t\t\t\t<div class=\"e-con-inner\">\n\t\t\t\t<div class=\"elementor-element elementor-element-cd3b401 elementor-widget elementor-widget-text-editor\" data-id=\"cd3b401\" data-element_type=\"widget\" data-e-type=\"widget\" data-widget_type=\"text-editor.default\">\n\t\t\t\t<div class=\"elementor-widget-container\">\n\t\t\t\t\t\t\t\t\t<p><strong>Haben Sie Zweifel, Neugierde oder Vorschl\u00e4ge?<\/strong>  Wir freuen uns darauf, Sie zu lesen! Schreiben Sie uns an <strong>info@rigenerai.com<\/strong> <\/p>\t\t\t\t\t\t\t\t<\/div>\n\t\t\t\t<\/div>\n\t\t\t\t\t<\/div>\n\t\t\t\t<\/div>\n\t\t<div class=\"elementor-element elementor-element-02b8813 e-flex e-con-boxed e-con e-parent\" data-id=\"02b8813\" data-element_type=\"container\" data-e-type=\"container\" data-settings=\"{&quot;background_background&quot;:&quot;classic&quot;}\">\n\t\t\t\t\t<div class=\"e-con-inner\">\n\t\t<div class=\"elementor-element elementor-element-e9dad71 e-flex e-con-boxed elementor-invisible e-con e-child\" data-id=\"e9dad71\" data-element_type=\"container\" data-e-type=\"container\" data-settings=\"{&quot;animation&quot;:&quot;fadeInUp&quot;}\">\n\t\t\t\t\t<div class=\"e-con-inner\">\n\t\t<div class=\"elementor-element elementor-element-69e1d64 e-con-full e-flex e-con e-child\" data-id=\"69e1d64\" data-element_type=\"container\" data-e-type=\"container\">\n\t\t\t\t<div class=\"elementor-element elementor-element-48ce52b elementor-widget elementor-widget-heading\" data-id=\"48ce52b\" data-element_type=\"widget\" data-e-type=\"widget\" data-widget_type=\"heading.default\">\n\t\t\t\t<div class=\"elementor-widget-container\">\n\t\t\t\t\t<h2 class=\"elementor-heading-title elementor-size-default\">Vollst\u00e4ndige Benutzerkontrolle<\/h2>\t\t\t\t<\/div>\n\t\t\t\t<\/div>\n\t\t\t\t<\/div>\n\t\t<div class=\"elementor-element elementor-element-caf6b06 e-con-full e-flex e-con e-child\" data-id=\"caf6b06\" data-element_type=\"container\" data-e-type=\"container\">\n\t\t\t\t<div class=\"elementor-element elementor-element-6daf03d elementor-widget elementor-widget-text-editor\" data-id=\"6daf03d\" data-element_type=\"widget\" data-e-type=\"widget\" data-widget_type=\"text-editor.default\">\n\t\t\t\t<div class=\"elementor-widget-container\">\n\t\t\t\t\t\t\t\t\t<p>Jeder Benutzer hat die volle Kontrolle dar\u00fcber, wer auf seine Daten zugreifen kann, auf welche Weise und wie lange. Die Freigabe ist immer <strong>bewusst<\/strong>, <strong>tempor\u00e4r<\/strong> und <strong>widerrufbar<\/strong>. Die Daten k\u00f6nnen von Dritten nur im Lesemodus und mit vorheriger Genehmigung eingesehen werden.  <\/p>\t\t\t\t\t\t\t\t<\/div>\n\t\t\t\t<\/div>\n\t\t\t\t<\/div>\n\t\t\t\t\t<\/div>\n\t\t\t\t<\/div>\n\t\t<div class=\"elementor-element elementor-element-6cabbc8 e-flex e-con-boxed elementor-invisible e-con e-child\" data-id=\"6cabbc8\" data-element_type=\"container\" data-e-type=\"container\" data-settings=\"{&quot;animation&quot;:&quot;fadeInUp&quot;}\">\n\t\t\t\t\t<div class=\"e-con-inner\">\n\t\t<div class=\"elementor-element elementor-element-e398eb9 e-con-full e-flex e-con e-child\" data-id=\"e398eb9\" data-element_type=\"container\" data-e-type=\"container\">\n\t\t\t\t<div class=\"elementor-element elementor-element-a9d30a4 elementor-widget elementor-widget-heading\" data-id=\"a9d30a4\" data-element_type=\"widget\" data-e-type=\"widget\" data-widget_type=\"heading.default\">\n\t\t\t\t<div class=\"elementor-widget-container\">\n\t\t\t\t\t<h2 class=\"elementor-heading-title elementor-size-default\">Gesch\u00fctzte Daten, immer<\/h2>\t\t\t\t<\/div>\n\t\t\t\t<\/div>\n\t\t\t\t<\/div>\n\t\t<div class=\"elementor-element elementor-element-b15443f e-con-full e-flex e-con e-child\" data-id=\"b15443f\" data-element_type=\"container\" data-e-type=\"container\">\n\t\t\t\t<div class=\"elementor-element elementor-element-a7a0657 elementor-widget elementor-widget-text-editor\" data-id=\"a7a0657\" data-element_type=\"widget\" data-e-type=\"widget\" data-widget_type=\"text-editor.default\">\n\t\t\t\t<div class=\"elementor-widget-container\">\n\t\t\t\t\t\t\t\t\t<p>Die Daten werden <strong>pseudonymisiert<\/strong> und, falls erforderlich, <strong>anonymisiert<\/strong>, um jedes Risiko zu minimieren. Alle Dokumente werden w\u00e4hrend der \u00dcbertragung und Speicherung in der Cloud auf Servern verschl\u00fcsselt, die sich ausschlie\u00dflich in <strong>Europa<\/strong> befinden. Jeder Zugriff wird nachverfolgt und kann mit automatischen Warn- und Kontrollsystemen \u00fcberpr\u00fcft werden.  <\/p>\t\t\t\t\t\t\t\t<\/div>\n\t\t\t\t<\/div>\n\t\t\t\t<\/div>\n\t\t\t\t\t<\/div>\n\t\t\t\t<\/div>\n\t\t<div class=\"elementor-element elementor-element-5871061 e-flex e-con-boxed elementor-invisible e-con e-child\" data-id=\"5871061\" data-element_type=\"container\" data-e-type=\"container\" data-settings=\"{&quot;animation&quot;:&quot;fadeInUp&quot;}\">\n\t\t\t\t\t<div class=\"e-con-inner\">\n\t\t<div class=\"elementor-element elementor-element-c19b59a e-con-full e-flex e-con e-child\" data-id=\"c19b59a\" data-element_type=\"container\" data-e-type=\"container\">\n\t\t\t\t<div class=\"elementor-element elementor-element-b2b36c5 elementor-widget elementor-widget-heading\" data-id=\"b2b36c5\" data-element_type=\"widget\" data-e-type=\"widget\" data-widget_type=\"heading.default\">\n\t\t\t\t<div class=\"elementor-widget-container\">\n\t\t\t\t\t<h2 class=\"elementor-heading-title elementor-size-default\">Kompatible und transparente Technologien<\/h2>\t\t\t\t<\/div>\n\t\t\t\t<\/div>\n\t\t\t\t<\/div>\n\t\t<div class=\"elementor-element elementor-element-8308c9e e-con-full e-flex e-con e-child\" data-id=\"8308c9e\" data-element_type=\"container\" data-e-type=\"container\">\n\t\t\t\t<div class=\"elementor-element elementor-element-321ecc0 elementor-widget elementor-widget-text-editor\" data-id=\"321ecc0\" data-element_type=\"widget\" data-e-type=\"widget\" data-widget_type=\"text-editor.default\">\n\t\t\t\t<div class=\"elementor-widget-container\">\n\t\t\t\t\t\t\t\t\t<p>Konto verwendet Technologien wie KI, OCR und LLM, um fortschrittliche Funktionen (Klassifizierung, Synthese, Erinnerungen) anzubieten, immer in \u00dcbereinstimmung mit den ethischen und rechtlichen Richtlinien zur Verwendung von k\u00fcnstlicher Intelligenz im Gesundheitswesen. <strong>Unter keinen Umst\u00e4nden werden Daten ohne ausdr\u00fcckliche Zustimmung f\u00fcr kommerzielle Zwecke verwendet<\/strong>.<\/p>\t\t\t\t\t\t\t\t<\/div>\n\t\t\t\t<\/div>\n\t\t\t\t<\/div>\n\t\t\t\t\t<\/div>\n\t\t\t\t<\/div>\n\t\t<div class=\"elementor-element elementor-element-5fb8d50 e-flex e-con-boxed elementor-invisible e-con e-child\" data-id=\"5fb8d50\" data-element_type=\"container\" data-e-type=\"container\" data-settings=\"{&quot;animation&quot;:&quot;fadeInUp&quot;}\">\n\t\t\t\t\t<div class=\"e-con-inner\">\n\t\t<div class=\"elementor-element elementor-element-8724014 e-con-full e-flex e-con e-child\" data-id=\"8724014\" data-element_type=\"container\" data-e-type=\"container\">\n\t\t\t\t<div class=\"elementor-element elementor-element-bf0c26c elementor-widget elementor-widget-heading\" data-id=\"bf0c26c\" data-element_type=\"widget\" data-e-type=\"widget\" data-widget_type=\"heading.default\">\n\t\t\t\t<div class=\"elementor-widget-container\">\n\t\t\t\t\t<h2 class=\"elementor-heading-title elementor-size-default\">Umkehrbare informierte Zustimmung<\/h2>\t\t\t\t<\/div>\n\t\t\t\t<\/div>\n\t\t\t\t<\/div>\n\t\t<div class=\"elementor-element elementor-element-6cbf5ea e-con-full e-flex e-con e-child\" data-id=\"6cbf5ea\" data-element_type=\"container\" data-e-type=\"container\">\n\t\t\t\t<div class=\"elementor-element elementor-element-812e28a elementor-widget elementor-widget-text-editor\" data-id=\"812e28a\" data-element_type=\"widget\" data-e-type=\"widget\" data-widget_type=\"text-editor.default\">\n\t\t\t\t<div class=\"elementor-widget-container\">\n\t\t\t\t\t\t\t\t\t<p>Jede Nutzung von Daten geht mit einer spezifischen und transparenten Zustimmung einher. <strong>Der Nutzer kann seine Zustimmung jederzeit<\/strong> mit sofortiger Wirkung <strong>widerrufen<\/strong>. Dritte m\u00fcssen spezielle Vereinbarungen (DPA) unterzeichnen und unsere Sicherheitsrichtlinien einhalten. <\/p>\t\t\t\t\t\t\t\t<\/div>\n\t\t\t\t<\/div>\n\t\t\t\t<\/div>\n\t\t\t\t\t<\/div>\n\t\t\t\t<\/div>\n\t\t<div class=\"elementor-element elementor-element-b014d20 e-flex e-con-boxed elementor-invisible e-con e-child\" data-id=\"b014d20\" data-element_type=\"container\" data-e-type=\"container\" data-settings=\"{&quot;animation&quot;:&quot;fadeInUp&quot;}\">\n\t\t\t\t\t<div class=\"e-con-inner\">\n\t\t<div class=\"elementor-element elementor-element-4a4b0d9 e-con-full e-flex e-con e-child\" data-id=\"4a4b0d9\" data-element_type=\"container\" data-e-type=\"container\">\n\t\t\t\t<div class=\"elementor-element elementor-element-ff83dc0 elementor-widget elementor-widget-heading\" data-id=\"ff83dc0\" data-element_type=\"widget\" data-e-type=\"widget\" data-widget_type=\"heading.default\">\n\t\t\t\t<div class=\"elementor-widget-container\">\n\t\t\t\t\t<h2 class=\"elementor-heading-title elementor-size-default\">Einhaltung fortgesetzt<\/h2>\t\t\t\t<\/div>\n\t\t\t\t<\/div>\n\t\t\t\t<\/div>\n\t\t<div class=\"elementor-element elementor-element-f97af09 e-con-full e-flex e-con e-child\" data-id=\"f97af09\" data-element_type=\"container\" data-e-type=\"container\">\n\t\t\t\t<div class=\"elementor-element elementor-element-595040b elementor-widget elementor-widget-text-editor\" data-id=\"595040b\" data-element_type=\"widget\" data-e-type=\"widget\" data-widget_type=\"text-editor.default\">\n\t\t\t\t<div class=\"elementor-widget-container\">\n\t\t\t\t\t\t\t\t\t<p>Konto verfolgt einen proaktiven Ansatz bei der Einhaltung von Vorschriften, mit kontinuierlichen Updates, Sicherheitspr\u00fcfungen und einem Technologie-Ethik-Komitee, das die Entwicklung der Funktionalit\u00e4t \u00fcberwacht.<br>Die Infrastruktur ist an den relevanten Standards ausgerichtet: <strong>GDPR, NIS2, AI Act, EHDS, EAA<\/strong>.<\/p>\t\t\t\t\t\t\t\t<\/div>\n\t\t\t\t<\/div>\n\t\t\t\t<\/div>\n\t\t\t\t\t<\/div>\n\t\t\t\t<\/div>\n\t\t\t\t\t<\/div>\n\t\t\t\t<\/div>\n\t\t\t\t<\/div>\n\t\t","protected":false},"excerpt":{"rendered":"<p>Datenschutz Die Sicherheit und Vertraulichkeit der Gesundheitsdaten der Nutzer ist die Grundlage von Konto. Alle Systeme sind &#8222;privacy by design&#8220; und &#8222;privacy by default&#8220;, in \u00dcbereinstimmung mit der GDPR und den europ\u00e4ischen Datenschutzbestimmungen, konzipiert. Haben Sie Zweifel, Neugierde oder Vorschl\u00e4ge? Wir freuen uns darauf, Sie zu lesen! Schreiben Sie uns an info@rigenerai.com Vollst\u00e4ndige Benutzerkontrolle Jeder [&hellip;]<\/p>\n","protected":false},"author":2,"featured_media":0,"parent":0,"menu_order":0,"comment_status":"closed","ping_status":"closed","template":"","meta":{"footnotes":""},"class_list":["post-1094","page","type-page","status-publish","hentry"],"yoast_head":"<!-- This site is optimized with the Yoast SEO plugin v27.4 - https:\/\/yoast.com\/product\/yoast-seo-wordpress\/ -->\n<title>Datenschutz - Konto<\/title>\n<meta name=\"robots\" content=\"noindex, follow, max-snippet:-1, max-image-preview:large, max-video-preview:-1\" \/>\n<meta property=\"og:locale\" content=\"de_DE\" \/>\n<meta property=\"og:type\" content=\"article\" \/>\n<meta property=\"og:title\" content=\"Datenschutz - Konto\" \/>\n<meta property=\"og:description\" content=\"Datenschutz Die Sicherheit und Vertraulichkeit der Gesundheitsdaten der Nutzer ist die Grundlage von Konto. Alle Systeme sind &#8222;privacy by design&#8220; und &#8222;privacy by default&#8220;, in \u00dcbereinstimmung mit der GDPR und den europ\u00e4ischen Datenschutzbestimmungen, konzipiert. Haben Sie Zweifel, Neugierde oder Vorschl\u00e4ge? Wir freuen uns darauf, Sie zu lesen! Schreiben Sie uns an info@rigenerai.com Vollst\u00e4ndige Benutzerkontrolle Jeder [&hellip;]\" \/>\n<meta property=\"og:url\" content=\"https:\/\/kontomed.com\/de\/datenschutz\/\" \/>\n<meta property=\"og:site_name\" content=\"Konto\" \/>\n<meta property=\"article:modified_time\" content=\"2026-01-27T16:34:49+00:00\" \/>\n<meta name=\"twitter:card\" content=\"summary_large_image\" \/>\n<meta name=\"twitter:label1\" content=\"Gesch\u00e4tzte Lesezeit\" \/>\n\t<meta name=\"twitter:data1\" content=\"1\u00a0Minute\" \/>\n<script type=\"application\/ld+json\" class=\"yoast-schema-graph\">{\"@context\":\"https:\\\/\\\/schema.org\",\"@graph\":[{\"@type\":\"WebPage\",\"@id\":\"https:\\\/\\\/kontomed.com\\\/de\\\/datenschutz\\\/\",\"url\":\"https:\\\/\\\/kontomed.com\\\/de\\\/datenschutz\\\/\",\"name\":\"Datenschutz - Konto\",\"isPartOf\":{\"@id\":\"https:\\\/\\\/kontomed.com\\\/de\\\/#website\"},\"datePublished\":\"2025-05-21T09:31:24+00:00\",\"dateModified\":\"2026-01-27T16:34:49+00:00\",\"breadcrumb\":{\"@id\":\"https:\\\/\\\/kontomed.com\\\/de\\\/datenschutz\\\/#breadcrumb\"},\"inLanguage\":\"de\",\"potentialAction\":[{\"@type\":\"ReadAction\",\"target\":[\"https:\\\/\\\/kontomed.com\\\/de\\\/datenschutz\\\/\"]}]},{\"@type\":\"BreadcrumbList\",\"@id\":\"https:\\\/\\\/kontomed.com\\\/de\\\/datenschutz\\\/#breadcrumb\",\"itemListElement\":[{\"@type\":\"ListItem\",\"position\":1,\"name\":\"Home\",\"item\":\"https:\\\/\\\/kontomed.com\\\/de\\\/startseite\\\/\"},{\"@type\":\"ListItem\",\"position\":2,\"name\":\"Datenschutz\"}]},{\"@type\":\"WebSite\",\"@id\":\"https:\\\/\\\/kontomed.com\\\/de\\\/#website\",\"url\":\"https:\\\/\\\/kontomed.com\\\/de\\\/\",\"name\":\"Konto\",\"description\":\"\",\"publisher\":{\"@id\":\"https:\\\/\\\/kontomed.com\\\/de\\\/#organization\"},\"potentialAction\":[{\"@type\":\"SearchAction\",\"target\":{\"@type\":\"EntryPoint\",\"urlTemplate\":\"https:\\\/\\\/kontomed.com\\\/de\\\/?s={search_term_string}\"},\"query-input\":{\"@type\":\"PropertyValueSpecification\",\"valueRequired\":true,\"valueName\":\"search_term_string\"}}],\"inLanguage\":\"de\"},{\"@type\":\"Organization\",\"@id\":\"https:\\\/\\\/kontomed.com\\\/de\\\/#organization\",\"name\":\"Konto\",\"url\":\"https:\\\/\\\/kontomed.com\\\/de\\\/\",\"logo\":{\"@type\":\"ImageObject\",\"inLanguage\":\"de\",\"@id\":\"https:\\\/\\\/kontomed.com\\\/de\\\/#\\\/schema\\\/logo\\\/image\\\/\",\"url\":\"https:\\\/\\\/kontomed.com\\\/wp-content\\\/uploads\\\/2025\\\/05\\\/logo-konto-negative.png\",\"contentUrl\":\"https:\\\/\\\/kontomed.com\\\/wp-content\\\/uploads\\\/2025\\\/05\\\/logo-konto-negative.png\",\"width\":500,\"height\":500,\"caption\":\"Konto\"},\"image\":{\"@id\":\"https:\\\/\\\/kontomed.com\\\/de\\\/#\\\/schema\\\/logo\\\/image\\\/\"}}]}<\/script>\n<!-- \/ Yoast SEO plugin. -->","yoast_head_json":{"title":"Datenschutz - Konto","robots":{"index":"noindex","follow":"follow","max-snippet":"max-snippet:-1","max-image-preview":"max-image-preview:large","max-video-preview":"max-video-preview:-1"},"og_locale":"de_DE","og_type":"article","og_title":"Datenschutz - Konto","og_description":"Datenschutz Die Sicherheit und Vertraulichkeit der Gesundheitsdaten der Nutzer ist die Grundlage von Konto. Alle Systeme sind &#8222;privacy by design&#8220; und &#8222;privacy by default&#8220;, in \u00dcbereinstimmung mit der GDPR und den europ\u00e4ischen Datenschutzbestimmungen, konzipiert. Haben Sie Zweifel, Neugierde oder Vorschl\u00e4ge? Wir freuen uns darauf, Sie zu lesen! Schreiben Sie uns an info@rigenerai.com Vollst\u00e4ndige Benutzerkontrolle Jeder [&hellip;]","og_url":"https:\/\/kontomed.com\/de\/datenschutz\/","og_site_name":"Konto","article_modified_time":"2026-01-27T16:34:49+00:00","twitter_card":"summary_large_image","twitter_misc":{"Gesch\u00e4tzte Lesezeit":"1\u00a0Minute"},"schema":{"@context":"https:\/\/schema.org","@graph":[{"@type":"WebPage","@id":"https:\/\/kontomed.com\/de\/datenschutz\/","url":"https:\/\/kontomed.com\/de\/datenschutz\/","name":"Datenschutz - Konto","isPartOf":{"@id":"https:\/\/kontomed.com\/de\/#website"},"datePublished":"2025-05-21T09:31:24+00:00","dateModified":"2026-01-27T16:34:49+00:00","breadcrumb":{"@id":"https:\/\/kontomed.com\/de\/datenschutz\/#breadcrumb"},"inLanguage":"de","potentialAction":[{"@type":"ReadAction","target":["https:\/\/kontomed.com\/de\/datenschutz\/"]}]},{"@type":"BreadcrumbList","@id":"https:\/\/kontomed.com\/de\/datenschutz\/#breadcrumb","itemListElement":[{"@type":"ListItem","position":1,"name":"Home","item":"https:\/\/kontomed.com\/de\/startseite\/"},{"@type":"ListItem","position":2,"name":"Datenschutz"}]},{"@type":"WebSite","@id":"https:\/\/kontomed.com\/de\/#website","url":"https:\/\/kontomed.com\/de\/","name":"Konto","description":"","publisher":{"@id":"https:\/\/kontomed.com\/de\/#organization"},"potentialAction":[{"@type":"SearchAction","target":{"@type":"EntryPoint","urlTemplate":"https:\/\/kontomed.com\/de\/?s={search_term_string}"},"query-input":{"@type":"PropertyValueSpecification","valueRequired":true,"valueName":"search_term_string"}}],"inLanguage":"de"},{"@type":"Organization","@id":"https:\/\/kontomed.com\/de\/#organization","name":"Konto","url":"https:\/\/kontomed.com\/de\/","logo":{"@type":"ImageObject","inLanguage":"de","@id":"https:\/\/kontomed.com\/de\/#\/schema\/logo\/image\/","url":"https:\/\/kontomed.com\/wp-content\/uploads\/2025\/05\/logo-konto-negative.png","contentUrl":"https:\/\/kontomed.com\/wp-content\/uploads\/2025\/05\/logo-konto-negative.png","width":500,"height":500,"caption":"Konto"},"image":{"@id":"https:\/\/kontomed.com\/de\/#\/schema\/logo\/image\/"}}]}},"_links":{"self":[{"href":"https:\/\/kontomed.com\/de\/wp-json\/wp\/v2\/pages\/1094","targetHints":{"allow":["GET"]}}],"collection":[{"href":"https:\/\/kontomed.com\/de\/wp-json\/wp\/v2\/pages"}],"about":[{"href":"https:\/\/kontomed.com\/de\/wp-json\/wp\/v2\/types\/page"}],"author":[{"embeddable":true,"href":"https:\/\/kontomed.com\/de\/wp-json\/wp\/v2\/users\/2"}],"replies":[{"embeddable":true,"href":"https:\/\/kontomed.com\/de\/wp-json\/wp\/v2\/comments?post=1094"}],"version-history":[{"count":4,"href":"https:\/\/kontomed.com\/de\/wp-json\/wp\/v2\/pages\/1094\/revisions"}],"predecessor-version":[{"id":1135,"href":"https:\/\/kontomed.com\/de\/wp-json\/wp\/v2\/pages\/1094\/revisions\/1135"}],"wp:attachment":[{"href":"https:\/\/kontomed.com\/de\/wp-json\/wp\/v2\/media?parent=1094"}],"curies":[{"name":"wp","href":"https:\/\/api.w.org\/{rel}","templated":true}]}}