{"id":839,"date":"2025-05-21T09:29:45","date_gmt":"2025-05-21T09:29:45","guid":{"rendered":"https:\/\/kontomed.com\/technologien\/"},"modified":"2026-01-27T16:36:32","modified_gmt":"2026-01-27T16:36:32","slug":"technologien","status":"publish","type":"page","link":"https:\/\/kontomed.com\/de\/technologien\/","title":{"rendered":"Technologien"},"content":{"rendered":"\t\t<div data-elementor-type=\"wp-page\" data-elementor-id=\"839\" class=\"elementor elementor-839 elementor-419\" data-elementor-post-type=\"page\">\n\t\t\t\t<div class=\"elementor-element elementor-element-641294f e-flex e-con-boxed e-con e-parent\" data-id=\"641294f\" data-element_type=\"container\" data-e-type=\"container\" data-settings=\"{&quot;background_background&quot;:&quot;classic&quot;}\">\n\t\t\t\t\t<div class=\"e-con-inner\">\n\t\t<div class=\"elementor-element elementor-element-86bfaa6 e-con-full e-flex e-con e-child\" data-id=\"86bfaa6\" data-element_type=\"container\" data-e-type=\"container\">\n\t\t\t\t<div class=\"elementor-element elementor-element-ea488a1 elementor-widget elementor-widget-heading\" data-id=\"ea488a1\" data-element_type=\"widget\" data-e-type=\"widget\" data-widget_type=\"heading.default\">\n\t\t\t\t<div class=\"elementor-widget-container\">\n\t\t\t\t\t<h1 class=\"elementor-heading-title elementor-size-default\">Technologien<\/h1>\t\t\t\t<\/div>\n\t\t\t\t<\/div>\n\t\t\t\t<div class=\"elementor-element elementor-element-16005af elementor-widget elementor-widget-text-editor\" data-id=\"16005af\" data-element_type=\"widget\" data-e-type=\"widget\" data-widget_type=\"text-editor.default\">\n\t\t\t\t<div class=\"elementor-widget-container\">\n\t\t\t\t\t\t\t\t\t<p>Konto integriert fortschrittliche digitale Infrastrukturen, um Sicherheit, Skalierbarkeit und k\u00fcnstliche Intelligenz f\u00fcr die Verwaltung von Gesundheitsdaten zu gew\u00e4hrleisten. Jede Komponente ist so konzipiert, dass sie den aktuellen Herausforderungen der Branche gerecht wird, mit Blick auf die Zukunft der digitalen Gesundheit.<\/p>\t\t\t\t\t\t\t\t<\/div>\n\t\t\t\t<\/div>\n\t\t\t\t<div class=\"elementor-element elementor-element-e5fed99 elementor-align-center elementor-widget elementor-widget-button\" data-id=\"e5fed99\" data-element_type=\"widget\" data-e-type=\"widget\" data-widget_type=\"button.default\">\n\t\t\t\t<div class=\"elementor-widget-container\">\n\t\t\t\t\t\t\t\t\t<div class=\"elementor-button-wrapper\">\n\t\t\t\t\t<a class=\"elementor-button elementor-button-link elementor-size-sm\" href=\"#more\">\n\t\t\t\t\t\t<span class=\"elementor-button-content-wrapper\">\n\t\t\t\t\t\t<span class=\"elementor-button-icon\">\n\t\t\t\t<svg aria-hidden=\"true\" class=\"e-font-icon-svg e-fas-angle-double-down\" viewBox=\"0 0 320 512\" xmlns=\"http:\/\/www.w3.org\/2000\/svg\"><path d=\"M143 256.3L7 120.3c-9.4-9.4-9.4-24.6 0-33.9l22.6-22.6c9.4-9.4 24.6-9.4 33.9 0l96.4 96.4 96.4-96.4c9.4-9.4 24.6-9.4 33.9 0L313 86.3c9.4 9.4 9.4 24.6 0 33.9l-136 136c-9.4 9.5-24.6 9.5-34 .1zm34 192l136-136c9.4-9.4 9.4-24.6 0-33.9l-22.6-22.6c-9.4-9.4-24.6-9.4-33.9 0L160 352.1l-96.4-96.4c-9.4-9.4-24.6-9.4-33.9 0L7 278.3c-9.4 9.4-9.4 24.6 0 33.9l136 136c9.4 9.5 24.6 9.5 34 .1z\"><\/path><\/svg>\t\t\t<\/span>\n\t\t\t\t\t\t\t\t\t<span class=\"elementor-button-text\">Mehr lesen<\/span>\n\t\t\t\t\t<\/span>\n\t\t\t\t\t<\/a>\n\t\t\t\t<\/div>\n\t\t\t\t\t\t\t\t<\/div>\n\t\t\t\t<\/div>\n\t\t\t\t<\/div>\n\t\t\t\t\t<\/div>\n\t\t\t\t<\/div>\n\t\t<div class=\"elementor-element elementor-element-f5108c0 e-flex e-con-boxed e-con e-parent\" data-id=\"f5108c0\" data-element_type=\"container\" data-e-type=\"container\" id=\"more\">\n\t\t\t\t\t<div class=\"e-con-inner\">\n\t\t<div class=\"elementor-element elementor-element-d4cd293 e-flex e-con-boxed elementor-invisible e-con e-child\" data-id=\"d4cd293\" data-element_type=\"container\" data-e-type=\"container\" data-settings=\"{&quot;animation&quot;:&quot;fadeInUp&quot;}\">\n\t\t\t\t\t<div class=\"e-con-inner\">\n\t\t<div class=\"elementor-element elementor-element-31ef1a5 e-con-full e-flex e-con e-child\" data-id=\"31ef1a5\" data-element_type=\"container\" data-e-type=\"container\">\n\t\t\t\t<div class=\"elementor-element elementor-element-6bf07b1 elementor-widget elementor-widget-heading\" data-id=\"6bf07b1\" data-element_type=\"widget\" data-e-type=\"widget\" data-widget_type=\"heading.default\">\n\t\t\t\t<div class=\"elementor-widget-container\">\n\t\t\t\t\t<h2 class=\"elementor-heading-title elementor-size-default\">KI und LLM Sprachmodelle<\/h2>\t\t\t\t<\/div>\n\t\t\t\t<\/div>\n\t\t\t\t<\/div>\n\t\t<div class=\"elementor-element elementor-element-da35810 e-con-full e-flex e-con e-child\" data-id=\"da35810\" data-element_type=\"container\" data-e-type=\"container\">\n\t\t\t\t<div class=\"elementor-element elementor-element-29b8973 elementor-widget elementor-widget-text-editor\" data-id=\"29b8973\" data-element_type=\"widget\" data-e-type=\"widget\" data-widget_type=\"text-editor.default\">\n\t\t\t\t<div class=\"elementor-widget-container\">\n\t\t\t\t\t\t\t\t\t<p>Berichte, Untersuchungen und klinische Dokumente werden mithilfe fortschrittlicher KI-Modelle (OCR + LLM) gelesen und synthetisiert. Der Benutzer erh\u00e4lt eine automatische Datenorganisation und personalisierte Vorschl\u00e4ge, wobei die Privatsph\u00e4re stets gewahrt bleibt.<\/p>\t\t\t\t\t\t\t\t<\/div>\n\t\t\t\t<\/div>\n\t\t\t\t<\/div>\n\t\t\t\t\t<\/div>\n\t\t\t\t<\/div>\n\t\t<div class=\"elementor-element elementor-element-a15a7aa e-flex e-con-boxed elementor-invisible e-con e-child\" data-id=\"a15a7aa\" data-element_type=\"container\" data-e-type=\"container\" data-settings=\"{&quot;animation&quot;:&quot;fadeInUp&quot;}\">\n\t\t\t\t\t<div class=\"e-con-inner\">\n\t\t<div class=\"elementor-element elementor-element-1e13b52 e-con-full e-flex e-con e-child\" data-id=\"1e13b52\" data-element_type=\"container\" data-e-type=\"container\">\n\t\t\t\t<div class=\"elementor-element elementor-element-443ca5f elementor-widget elementor-widget-heading\" data-id=\"443ca5f\" data-element_type=\"widget\" data-e-type=\"widget\" data-widget_type=\"heading.default\">\n\t\t\t\t<div class=\"elementor-widget-container\">\n\t\t\t\t\t<h2 class=\"elementor-heading-title elementor-size-default\">Intelligente OCR<\/h2>\t\t\t\t<\/div>\n\t\t\t\t<\/div>\n\t\t\t\t<\/div>\n\t\t<div class=\"elementor-element elementor-element-c690b73 e-con-full e-flex e-con e-child\" data-id=\"c690b73\" data-element_type=\"container\" data-e-type=\"container\">\n\t\t\t\t<div class=\"elementor-element elementor-element-baa1107 elementor-widget elementor-widget-text-editor\" data-id=\"baa1107\" data-element_type=\"widget\" data-e-type=\"widget\" data-widget_type=\"text-editor.default\">\n\t\t\t\t<div class=\"elementor-widget-container\">\n\t\t\t\t\t\t\t\t\t<p>Ordnungswidrig hochgeladene Berichte werden automatisch gelesen und nach medizinischem Bereich und Datum klassifiziert. Das System unterst\u00fctzt auch die Erkennung von \u00fcberf\u00e4lligen Untersuchungen oder unvollst\u00e4ndigen Behandlungen.<\/p>\t\t\t\t\t\t\t\t<\/div>\n\t\t\t\t<\/div>\n\t\t\t\t<\/div>\n\t\t\t\t\t<\/div>\n\t\t\t\t<\/div>\n\t\t<div class=\"elementor-element elementor-element-baefed8 e-flex e-con-boxed elementor-invisible e-con e-child\" data-id=\"baefed8\" data-element_type=\"container\" data-e-type=\"container\" data-settings=\"{&quot;animation&quot;:&quot;fadeInUp&quot;}\">\n\t\t\t\t\t<div class=\"e-con-inner\">\n\t\t<div class=\"elementor-element elementor-element-3b968a7 e-con-full e-flex e-con e-child\" data-id=\"3b968a7\" data-element_type=\"container\" data-e-type=\"container\">\n\t\t\t\t<div class=\"elementor-element elementor-element-35c8276 elementor-widget elementor-widget-heading\" data-id=\"35c8276\" data-element_type=\"widget\" data-e-type=\"widget\" data-widget_type=\"heading.default\">\n\t\t\t\t<div class=\"elementor-widget-container\">\n\t\t\t\t\t<h2 class=\"elementor-heading-title elementor-size-default\">Pr\u00e4diktive Mahnungen<\/h2>\t\t\t\t<\/div>\n\t\t\t\t<\/div>\n\t\t\t\t<\/div>\n\t\t<div class=\"elementor-element elementor-element-2968964 e-con-full e-flex e-con e-child\" data-id=\"2968964\" data-element_type=\"container\" data-e-type=\"container\">\n\t\t\t\t<div class=\"elementor-element elementor-element-4e7f0ea elementor-widget elementor-widget-text-editor\" data-id=\"4e7f0ea\" data-element_type=\"widget\" data-e-type=\"widget\" data-widget_type=\"text-editor.default\">\n\t\t\t\t<div class=\"elementor-widget-container\">\n\t\t\t\t\t\t\t\t\tAuf der Grundlage von Gesundheitsdaten, Lebensstil und klinischen Richtlinien erstellt Konto personalisierte Erinnerungen, um Vergesslichkeit oder Verz\u00f6gerungen bei der Behandlung zu vermeiden. Eine Funktion, die die Therapietreue wirklich unterst\u00fctzt.\t\t\t\t\t\t\t\t<\/div>\n\t\t\t\t<\/div>\n\t\t\t\t<\/div>\n\t\t\t\t\t<\/div>\n\t\t\t\t<\/div>\n\t\t<div class=\"elementor-element elementor-element-a669cdc e-flex e-con-boxed elementor-invisible e-con e-child\" data-id=\"a669cdc\" data-element_type=\"container\" data-e-type=\"container\" data-settings=\"{&quot;animation&quot;:&quot;fadeInUp&quot;}\">\n\t\t\t\t\t<div class=\"e-con-inner\">\n\t\t<div class=\"elementor-element elementor-element-bca8251 e-con-full e-flex e-con e-child\" data-id=\"bca8251\" data-element_type=\"container\" data-e-type=\"container\">\n\t\t\t\t<div class=\"elementor-element elementor-element-f2c4bbd elementor-widget elementor-widget-heading\" data-id=\"f2c4bbd\" data-element_type=\"widget\" data-e-type=\"widget\" data-widget_type=\"heading.default\">\n\t\t\t\t<div class=\"elementor-widget-container\">\n\t\t\t\t\t<h2 class=\"elementor-heading-title elementor-size-default\">Erweiterte Dashboards<\/h2>\t\t\t\t<\/div>\n\t\t\t\t<\/div>\n\t\t\t\t<\/div>\n\t\t<div class=\"elementor-element elementor-element-3b9354e e-con-full e-flex e-con e-child\" data-id=\"3b9354e\" data-element_type=\"container\" data-e-type=\"container\">\n\t\t\t\t<div class=\"elementor-element elementor-element-25f535d elementor-widget elementor-widget-text-editor\" data-id=\"25f535d\" data-element_type=\"widget\" data-e-type=\"widget\" data-widget_type=\"text-editor.default\">\n\t\t\t\t<div class=\"elementor-widget-container\">\n\t\t\t\t\t\t\t\t\t<p class=\"p1\">Fachleute und Partnereinrichtungen greifen auf spezielle Dashboards zu, um Dokumente unter Einhaltung der Berechtigungen anzuzeigen, zu verwalten und anzufordern. Die Benutzer k\u00f6nnen auch den Zugriff und die Historie ihrer Daten \u00fcberwachen.<\/p>\t\t\t\t\t\t\t\t<\/div>\n\t\t\t\t<\/div>\n\t\t\t\t<\/div>\n\t\t\t\t\t<\/div>\n\t\t\t\t<\/div>\n\t\t<div class=\"elementor-element elementor-element-b5ac5d0 e-flex e-con-boxed elementor-invisible e-con e-child\" data-id=\"b5ac5d0\" data-element_type=\"container\" data-e-type=\"container\" data-settings=\"{&quot;animation&quot;:&quot;fadeInUp&quot;}\">\n\t\t\t\t\t<div class=\"e-con-inner\">\n\t\t<div class=\"elementor-element elementor-element-8025573 e-con-full e-flex e-con e-child\" data-id=\"8025573\" data-element_type=\"container\" data-e-type=\"container\">\n\t\t\t\t<div class=\"elementor-element elementor-element-eb4ba5a elementor-widget elementor-widget-heading\" data-id=\"eb4ba5a\" data-element_type=\"widget\" data-e-type=\"widget\" data-widget_type=\"heading.default\">\n\t\t\t\t<div class=\"elementor-widget-container\">\n\t\t\t\t\t<h2 class=\"elementor-heading-title elementor-size-default\">Europ\u00e4ische Wolke<\/h2>\t\t\t\t<\/div>\n\t\t\t\t<\/div>\n\t\t\t\t<\/div>\n\t\t<div class=\"elementor-element elementor-element-850e563 e-con-full e-flex e-con e-child\" data-id=\"850e563\" data-element_type=\"container\" data-e-type=\"container\">\n\t\t\t\t<div class=\"elementor-element elementor-element-ccfad14 elementor-widget elementor-widget-text-editor\" data-id=\"ccfad14\" data-element_type=\"widget\" data-e-type=\"widget\" data-widget_type=\"text-editor.default\">\n\t\t\t\t<div class=\"elementor-widget-container\">\n\t\t\t\t\t\t\t\t\t<p>Die Gesundheitsdaten werden auf Servern gespeichert, die sich ausschlie\u00dflich in Europa befinden (Azure oder AWS EU), in \u00dcbereinstimmung mit den GDPR-Vorschriften. Die Struktur ist so konzipiert, dass sie gro\u00dfe Mengen in absoluter Sicherheit handhaben kann, auch in internationalen Zusammenh\u00e4ngen.<\/p>\t\t\t\t\t\t\t\t<\/div>\n\t\t\t\t<\/div>\n\t\t\t\t<\/div>\n\t\t\t\t\t<\/div>\n\t\t\t\t<\/div>\n\t\t\t\t\t<\/div>\n\t\t\t\t<\/div>\n\t\t\t\t<\/div>\n\t\t","protected":false},"excerpt":{"rendered":"<p>Technologien Konto integriert fortschrittliche digitale Infrastrukturen, um Sicherheit, Skalierbarkeit und k\u00fcnstliche Intelligenz f\u00fcr die Verwaltung von Gesundheitsdaten zu gew\u00e4hrleisten. Jede Komponente ist so konzipiert, dass sie den aktuellen Herausforderungen der Branche gerecht wird, mit Blick auf die Zukunft der digitalen Gesundheit. Mehr lesen KI und LLM Sprachmodelle Berichte, Untersuchungen und klinische Dokumente werden mithilfe fortschrittlicher [&hellip;]<\/p>\n","protected":false},"author":2,"featured_media":0,"parent":0,"menu_order":0,"comment_status":"closed","ping_status":"closed","template":"","meta":{"footnotes":""},"class_list":["post-839","page","type-page","status-publish","hentry"],"yoast_head":"<!-- This site is optimized with the Yoast SEO plugin v27.4 - https:\/\/yoast.com\/product\/yoast-seo-wordpress\/ -->\n<title>Technologien - Konto<\/title>\n<meta name=\"robots\" content=\"noindex, follow, max-snippet:-1, max-image-preview:large, max-video-preview:-1\" \/>\n<meta property=\"og:locale\" content=\"de_DE\" \/>\n<meta property=\"og:type\" content=\"article\" \/>\n<meta property=\"og:title\" content=\"Technologien - Konto\" \/>\n<meta property=\"og:description\" content=\"Technologien Konto integriert fortschrittliche digitale Infrastrukturen, um Sicherheit, Skalierbarkeit und k\u00fcnstliche Intelligenz f\u00fcr die Verwaltung von Gesundheitsdaten zu gew\u00e4hrleisten. Jede Komponente ist so konzipiert, dass sie den aktuellen Herausforderungen der Branche gerecht wird, mit Blick auf die Zukunft der digitalen Gesundheit. Mehr lesen KI und LLM Sprachmodelle Berichte, Untersuchungen und klinische Dokumente werden mithilfe fortschrittlicher [&hellip;]\" \/>\n<meta property=\"og:url\" content=\"https:\/\/kontomed.com\/de\/technologien\/\" \/>\n<meta property=\"og:site_name\" content=\"Konto\" \/>\n<meta property=\"article:modified_time\" content=\"2026-01-27T16:36:32+00:00\" \/>\n<meta name=\"twitter:card\" content=\"summary_large_image\" \/>\n<meta name=\"twitter:label1\" content=\"Gesch\u00e4tzte Lesezeit\" \/>\n\t<meta name=\"twitter:data1\" content=\"1\u00a0Minute\" \/>\n<script type=\"application\/ld+json\" class=\"yoast-schema-graph\">{\"@context\":\"https:\\\/\\\/schema.org\",\"@graph\":[{\"@type\":\"WebPage\",\"@id\":\"https:\\\/\\\/kontomed.com\\\/de\\\/technologien\\\/\",\"url\":\"https:\\\/\\\/kontomed.com\\\/de\\\/technologien\\\/\",\"name\":\"Technologien - Konto\",\"isPartOf\":{\"@id\":\"https:\\\/\\\/kontomed.com\\\/de\\\/#website\"},\"datePublished\":\"2025-05-21T09:29:45+00:00\",\"dateModified\":\"2026-01-27T16:36:32+00:00\",\"breadcrumb\":{\"@id\":\"https:\\\/\\\/kontomed.com\\\/de\\\/technologien\\\/#breadcrumb\"},\"inLanguage\":\"de\",\"potentialAction\":[{\"@type\":\"ReadAction\",\"target\":[\"https:\\\/\\\/kontomed.com\\\/de\\\/technologien\\\/\"]}]},{\"@type\":\"BreadcrumbList\",\"@id\":\"https:\\\/\\\/kontomed.com\\\/de\\\/technologien\\\/#breadcrumb\",\"itemListElement\":[{\"@type\":\"ListItem\",\"position\":1,\"name\":\"Home\",\"item\":\"https:\\\/\\\/kontomed.com\\\/de\\\/startseite\\\/\"},{\"@type\":\"ListItem\",\"position\":2,\"name\":\"Technologien\"}]},{\"@type\":\"WebSite\",\"@id\":\"https:\\\/\\\/kontomed.com\\\/de\\\/#website\",\"url\":\"https:\\\/\\\/kontomed.com\\\/de\\\/\",\"name\":\"Konto\",\"description\":\"\",\"publisher\":{\"@id\":\"https:\\\/\\\/kontomed.com\\\/de\\\/#organization\"},\"potentialAction\":[{\"@type\":\"SearchAction\",\"target\":{\"@type\":\"EntryPoint\",\"urlTemplate\":\"https:\\\/\\\/kontomed.com\\\/de\\\/?s={search_term_string}\"},\"query-input\":{\"@type\":\"PropertyValueSpecification\",\"valueRequired\":true,\"valueName\":\"search_term_string\"}}],\"inLanguage\":\"de\"},{\"@type\":\"Organization\",\"@id\":\"https:\\\/\\\/kontomed.com\\\/de\\\/#organization\",\"name\":\"Konto\",\"url\":\"https:\\\/\\\/kontomed.com\\\/de\\\/\",\"logo\":{\"@type\":\"ImageObject\",\"inLanguage\":\"de\",\"@id\":\"https:\\\/\\\/kontomed.com\\\/de\\\/#\\\/schema\\\/logo\\\/image\\\/\",\"url\":\"https:\\\/\\\/kontomed.com\\\/wp-content\\\/uploads\\\/2025\\\/05\\\/logo-konto-negative.png\",\"contentUrl\":\"https:\\\/\\\/kontomed.com\\\/wp-content\\\/uploads\\\/2025\\\/05\\\/logo-konto-negative.png\",\"width\":500,\"height\":500,\"caption\":\"Konto\"},\"image\":{\"@id\":\"https:\\\/\\\/kontomed.com\\\/de\\\/#\\\/schema\\\/logo\\\/image\\\/\"}}]}<\/script>\n<!-- \/ Yoast SEO plugin. -->","yoast_head_json":{"title":"Technologien - Konto","robots":{"index":"noindex","follow":"follow","max-snippet":"max-snippet:-1","max-image-preview":"max-image-preview:large","max-video-preview":"max-video-preview:-1"},"og_locale":"de_DE","og_type":"article","og_title":"Technologien - Konto","og_description":"Technologien Konto integriert fortschrittliche digitale Infrastrukturen, um Sicherheit, Skalierbarkeit und k\u00fcnstliche Intelligenz f\u00fcr die Verwaltung von Gesundheitsdaten zu gew\u00e4hrleisten. Jede Komponente ist so konzipiert, dass sie den aktuellen Herausforderungen der Branche gerecht wird, mit Blick auf die Zukunft der digitalen Gesundheit. Mehr lesen KI und LLM Sprachmodelle Berichte, Untersuchungen und klinische Dokumente werden mithilfe fortschrittlicher [&hellip;]","og_url":"https:\/\/kontomed.com\/de\/technologien\/","og_site_name":"Konto","article_modified_time":"2026-01-27T16:36:32+00:00","twitter_card":"summary_large_image","twitter_misc":{"Gesch\u00e4tzte Lesezeit":"1\u00a0Minute"},"schema":{"@context":"https:\/\/schema.org","@graph":[{"@type":"WebPage","@id":"https:\/\/kontomed.com\/de\/technologien\/","url":"https:\/\/kontomed.com\/de\/technologien\/","name":"Technologien - Konto","isPartOf":{"@id":"https:\/\/kontomed.com\/de\/#website"},"datePublished":"2025-05-21T09:29:45+00:00","dateModified":"2026-01-27T16:36:32+00:00","breadcrumb":{"@id":"https:\/\/kontomed.com\/de\/technologien\/#breadcrumb"},"inLanguage":"de","potentialAction":[{"@type":"ReadAction","target":["https:\/\/kontomed.com\/de\/technologien\/"]}]},{"@type":"BreadcrumbList","@id":"https:\/\/kontomed.com\/de\/technologien\/#breadcrumb","itemListElement":[{"@type":"ListItem","position":1,"name":"Home","item":"https:\/\/kontomed.com\/de\/startseite\/"},{"@type":"ListItem","position":2,"name":"Technologien"}]},{"@type":"WebSite","@id":"https:\/\/kontomed.com\/de\/#website","url":"https:\/\/kontomed.com\/de\/","name":"Konto","description":"","publisher":{"@id":"https:\/\/kontomed.com\/de\/#organization"},"potentialAction":[{"@type":"SearchAction","target":{"@type":"EntryPoint","urlTemplate":"https:\/\/kontomed.com\/de\/?s={search_term_string}"},"query-input":{"@type":"PropertyValueSpecification","valueRequired":true,"valueName":"search_term_string"}}],"inLanguage":"de"},{"@type":"Organization","@id":"https:\/\/kontomed.com\/de\/#organization","name":"Konto","url":"https:\/\/kontomed.com\/de\/","logo":{"@type":"ImageObject","inLanguage":"de","@id":"https:\/\/kontomed.com\/de\/#\/schema\/logo\/image\/","url":"https:\/\/kontomed.com\/wp-content\/uploads\/2025\/05\/logo-konto-negative.png","contentUrl":"https:\/\/kontomed.com\/wp-content\/uploads\/2025\/05\/logo-konto-negative.png","width":500,"height":500,"caption":"Konto"},"image":{"@id":"https:\/\/kontomed.com\/de\/#\/schema\/logo\/image\/"}}]}},"_links":{"self":[{"href":"https:\/\/kontomed.com\/de\/wp-json\/wp\/v2\/pages\/839","targetHints":{"allow":["GET"]}}],"collection":[{"href":"https:\/\/kontomed.com\/de\/wp-json\/wp\/v2\/pages"}],"about":[{"href":"https:\/\/kontomed.com\/de\/wp-json\/wp\/v2\/types\/page"}],"author":[{"embeddable":true,"href":"https:\/\/kontomed.com\/de\/wp-json\/wp\/v2\/users\/2"}],"replies":[{"embeddable":true,"href":"https:\/\/kontomed.com\/de\/wp-json\/wp\/v2\/comments?post=839"}],"version-history":[{"count":4,"href":"https:\/\/kontomed.com\/de\/wp-json\/wp\/v2\/pages\/839\/revisions"}],"predecessor-version":[{"id":1141,"href":"https:\/\/kontomed.com\/de\/wp-json\/wp\/v2\/pages\/839\/revisions\/1141"}],"wp:attachment":[{"href":"https:\/\/kontomed.com\/de\/wp-json\/wp\/v2\/media?parent=839"}],"curies":[{"name":"wp","href":"https:\/\/api.w.org\/{rel}","templated":true}]}}