{"id":835,"date":"2025-05-21T09:31:24","date_gmt":"2025-05-21T09:31:24","guid":{"rendered":"https:\/\/kontomed.com\/protection-des-donnees\/"},"modified":"2026-01-27T16:34:48","modified_gmt":"2026-01-27T16:34:48","slug":"protection-des-donnees","status":"publish","type":"page","link":"https:\/\/kontomed.com\/fr\/protection-des-donnees\/","title":{"rendered":"Protection des donn\u00e9es"},"content":{"rendered":"\t\t<div data-elementor-type=\"wp-page\" data-elementor-id=\"835\" class=\"elementor elementor-835 elementor-427\" data-elementor-post-type=\"page\">\n\t\t\t\t<div class=\"elementor-element elementor-element-13059aa e-flex e-con-boxed e-con e-parent\" data-id=\"13059aa\" data-element_type=\"container\" data-e-type=\"container\" data-settings=\"{&quot;background_background&quot;:&quot;classic&quot;}\">\n\t\t\t\t\t<div class=\"e-con-inner\">\n\t\t<div class=\"elementor-element elementor-element-3b42337 e-con-full e-flex e-con e-child\" data-id=\"3b42337\" data-element_type=\"container\" data-e-type=\"container\">\n\t\t\t\t<div class=\"elementor-element elementor-element-f44797b elementor-widget elementor-widget-heading\" data-id=\"f44797b\" data-element_type=\"widget\" data-e-type=\"widget\" data-widget_type=\"heading.default\">\n\t\t\t\t<div class=\"elementor-widget-container\">\n\t\t\t\t\t<h1 class=\"elementor-heading-title elementor-size-default\">Protection des donn\u00e9es<\/h1>\t\t\t\t<\/div>\n\t\t\t\t<\/div>\n\t\t\t\t<div class=\"elementor-element elementor-element-f4f67c7 elementor-widget elementor-widget-text-editor\" data-id=\"f4f67c7\" data-element_type=\"widget\" data-e-type=\"widget\" data-widget_type=\"text-editor.default\">\n\t\t\t\t<div class=\"elementor-widget-container\">\n\t\t\t\t\t\t\t\t\t<p>La s\u00e9curit\u00e9 et la confidentialit\u00e9 des donn\u00e9es de sant\u00e9 des utilisateurs constituent le fondement du Konto. Tous les syst\u00e8mes sont con\u00e7us selon les principes de la \u00ab\u00a0privacy by design\u00a0\u00bb et de la \u00ab\u00a0privacy by default\u00a0\u00bb, conform\u00e9ment au GDPR et aux r\u00e9glementations europ\u00e9ennes en mati\u00e8re de protection des donn\u00e9es.<\/p>\t\t\t\t\t\t\t\t<\/div>\n\t\t\t\t<\/div>\n\t\t\t\t<\/div>\n\t\t\t\t\t<\/div>\n\t\t\t\t<\/div>\n\t\t<div class=\"elementor-element elementor-element-50673ae e-flex e-con-boxed e-con e-parent\" data-id=\"50673ae\" data-element_type=\"container\" data-e-type=\"container\" data-settings=\"{&quot;background_background&quot;:&quot;classic&quot;}\">\n\t\t\t\t\t<div class=\"e-con-inner\">\n\t\t\t\t<div class=\"elementor-element elementor-element-cd3b401 elementor-widget elementor-widget-text-editor\" data-id=\"cd3b401\" data-element_type=\"widget\" data-e-type=\"widget\" data-widget_type=\"text-editor.default\">\n\t\t\t\t<div class=\"elementor-widget-container\">\n\t\t\t\t\t\t\t\t\t<p><strong>Vous avez des doutes, des curiosit\u00e9s ou des suggestions ?<\/strong>  Nous nous r\u00e9jouissons de vous lire ! \u00c9crivez-nous \u00e0 <strong>info@rigenerai.com<\/strong><\/p>\t\t\t\t\t\t\t\t<\/div>\n\t\t\t\t<\/div>\n\t\t\t\t\t<\/div>\n\t\t\t\t<\/div>\n\t\t<div class=\"elementor-element elementor-element-02b8813 e-flex e-con-boxed e-con e-parent\" data-id=\"02b8813\" data-element_type=\"container\" data-e-type=\"container\" data-settings=\"{&quot;background_background&quot;:&quot;classic&quot;}\">\n\t\t\t\t\t<div class=\"e-con-inner\">\n\t\t<div class=\"elementor-element elementor-element-e9dad71 e-flex e-con-boxed elementor-invisible e-con e-child\" data-id=\"e9dad71\" data-element_type=\"container\" data-e-type=\"container\" data-settings=\"{&quot;animation&quot;:&quot;fadeInUp&quot;}\">\n\t\t\t\t\t<div class=\"e-con-inner\">\n\t\t<div class=\"elementor-element elementor-element-69e1d64 e-con-full e-flex e-con e-child\" data-id=\"69e1d64\" data-element_type=\"container\" data-e-type=\"container\">\n\t\t\t\t<div class=\"elementor-element elementor-element-48ce52b elementor-widget elementor-widget-heading\" data-id=\"48ce52b\" data-element_type=\"widget\" data-e-type=\"widget\" data-widget_type=\"heading.default\">\n\t\t\t\t<div class=\"elementor-widget-container\">\n\t\t\t\t\t<h2 class=\"elementor-heading-title elementor-size-default\">Contr\u00f4le total de l'utilisateur<\/h2>\t\t\t\t<\/div>\n\t\t\t\t<\/div>\n\t\t\t\t<\/div>\n\t\t<div class=\"elementor-element elementor-element-caf6b06 e-con-full e-flex e-con e-child\" data-id=\"caf6b06\" data-element_type=\"container\" data-e-type=\"container\">\n\t\t\t\t<div class=\"elementor-element elementor-element-6daf03d elementor-widget elementor-widget-text-editor\" data-id=\"6daf03d\" data-element_type=\"widget\" data-e-type=\"widget\" data-widget_type=\"text-editor.default\">\n\t\t\t\t<div class=\"elementor-widget-container\">\n\t\t\t\t\t\t\t\t\t<p>Chaque utilisateur contr\u00f4le enti\u00e8rement qui peut acc\u00e9der \u00e0 ses donn\u00e9es, de quelle mani\u00e8re et pendant combien de temps. Le partage est toujours <strong>conscient<\/strong>, <strong>temporaire<\/strong> et <strong>r\u00e9vocable<\/strong>. Les donn\u00e9es ne peuvent \u00eatre consult\u00e9es par des tiers qu&rsquo;en mode lecture seule, sous r\u00e9serve d&rsquo;une autorisation.<\/p>\t\t\t\t\t\t\t\t<\/div>\n\t\t\t\t<\/div>\n\t\t\t\t<\/div>\n\t\t\t\t\t<\/div>\n\t\t\t\t<\/div>\n\t\t<div class=\"elementor-element elementor-element-6cabbc8 e-flex e-con-boxed elementor-invisible e-con e-child\" data-id=\"6cabbc8\" data-element_type=\"container\" data-e-type=\"container\" data-settings=\"{&quot;animation&quot;:&quot;fadeInUp&quot;}\">\n\t\t\t\t\t<div class=\"e-con-inner\">\n\t\t<div class=\"elementor-element elementor-element-e398eb9 e-con-full e-flex e-con e-child\" data-id=\"e398eb9\" data-element_type=\"container\" data-e-type=\"container\">\n\t\t\t\t<div class=\"elementor-element elementor-element-a9d30a4 elementor-widget elementor-widget-heading\" data-id=\"a9d30a4\" data-element_type=\"widget\" data-e-type=\"widget\" data-widget_type=\"heading.default\">\n\t\t\t\t<div class=\"elementor-widget-container\">\n\t\t\t\t\t<h2 class=\"elementor-heading-title elementor-size-default\">Des donn\u00e9es prot\u00e9g\u00e9es en permanence<\/h2>\t\t\t\t<\/div>\n\t\t\t\t<\/div>\n\t\t\t\t<\/div>\n\t\t<div class=\"elementor-element elementor-element-b15443f e-con-full e-flex e-con e-child\" data-id=\"b15443f\" data-element_type=\"container\" data-e-type=\"container\">\n\t\t\t\t<div class=\"elementor-element elementor-element-a7a0657 elementor-widget elementor-widget-text-editor\" data-id=\"a7a0657\" data-element_type=\"widget\" data-e-type=\"widget\" data-widget_type=\"text-editor.default\">\n\t\t\t\t<div class=\"elementor-widget-container\">\n\t\t\t\t\t\t\t\t\t<p>Les donn\u00e9es sont <strong>pseudonymis\u00e9es<\/strong> et, si n\u00e9cessaire, <strong>anonymis\u00e9es<\/strong> pour minimiser les risques. Tous les documents sont crypt\u00e9s pendant le transfert et le stockage dans le nuage, sur des serveurs situ\u00e9s exclusivement en <strong>Europe<\/strong>. Chaque acc\u00e8s est suivi et contr\u00f4l\u00e9, avec des syst\u00e8mes d&rsquo;alerte et de contr\u00f4le automatiques.<\/p>\t\t\t\t\t\t\t\t<\/div>\n\t\t\t\t<\/div>\n\t\t\t\t<\/div>\n\t\t\t\t\t<\/div>\n\t\t\t\t<\/div>\n\t\t<div class=\"elementor-element elementor-element-5871061 e-flex e-con-boxed elementor-invisible e-con e-child\" data-id=\"5871061\" data-element_type=\"container\" data-e-type=\"container\" data-settings=\"{&quot;animation&quot;:&quot;fadeInUp&quot;}\">\n\t\t\t\t\t<div class=\"e-con-inner\">\n\t\t<div class=\"elementor-element elementor-element-c19b59a e-con-full e-flex e-con e-child\" data-id=\"c19b59a\" data-element_type=\"container\" data-e-type=\"container\">\n\t\t\t\t<div class=\"elementor-element elementor-element-b2b36c5 elementor-widget elementor-widget-heading\" data-id=\"b2b36c5\" data-element_type=\"widget\" data-e-type=\"widget\" data-widget_type=\"heading.default\">\n\t\t\t\t<div class=\"elementor-widget-container\">\n\t\t\t\t\t<h2 class=\"elementor-heading-title elementor-size-default\">Technologies conformes et transparentes<\/h2>\t\t\t\t<\/div>\n\t\t\t\t<\/div>\n\t\t\t\t<\/div>\n\t\t<div class=\"elementor-element elementor-element-8308c9e e-con-full e-flex e-con e-child\" data-id=\"8308c9e\" data-element_type=\"container\" data-e-type=\"container\">\n\t\t\t\t<div class=\"elementor-element elementor-element-321ecc0 elementor-widget elementor-widget-text-editor\" data-id=\"321ecc0\" data-element_type=\"widget\" data-e-type=\"widget\" data-widget_type=\"text-editor.default\">\n\t\t\t\t<div class=\"elementor-widget-container\">\n\t\t\t\t\t\t\t\t\t<p>Konto utilise des technologies telles que l&rsquo;IA, l&rsquo;OCR et le LLM pour offrir des fonctionnalit\u00e9s avanc\u00e9es (classification, synth\u00e8se, rappels), toujours en conformit\u00e9 avec les directives \u00e9thiques et juridiques sur l&rsquo;utilisation de l&rsquo;intelligence artificielle dans les soins de sant\u00e9. <strong>Les donn\u00e9es ne sont en aucun cas utilis\u00e9es \u00e0 des fins commerciales sans consentement explicite<\/strong>.<\/p>\t\t\t\t\t\t\t\t<\/div>\n\t\t\t\t<\/div>\n\t\t\t\t<\/div>\n\t\t\t\t\t<\/div>\n\t\t\t\t<\/div>\n\t\t<div class=\"elementor-element elementor-element-5fb8d50 e-flex e-con-boxed elementor-invisible e-con e-child\" data-id=\"5fb8d50\" data-element_type=\"container\" data-e-type=\"container\" data-settings=\"{&quot;animation&quot;:&quot;fadeInUp&quot;}\">\n\t\t\t\t\t<div class=\"e-con-inner\">\n\t\t<div class=\"elementor-element elementor-element-8724014 e-con-full e-flex e-con e-child\" data-id=\"8724014\" data-element_type=\"container\" data-e-type=\"container\">\n\t\t\t\t<div class=\"elementor-element elementor-element-bf0c26c elementor-widget elementor-widget-heading\" data-id=\"bf0c26c\" data-element_type=\"widget\" data-e-type=\"widget\" data-widget_type=\"heading.default\">\n\t\t\t\t<div class=\"elementor-widget-container\">\n\t\t\t\t\t<h2 class=\"elementor-heading-title elementor-size-default\">Consentement \u00e9clair\u00e9 r\u00e9versible<\/h2>\t\t\t\t<\/div>\n\t\t\t\t<\/div>\n\t\t\t\t<\/div>\n\t\t<div class=\"elementor-element elementor-element-6cbf5ea e-con-full e-flex e-con e-child\" data-id=\"6cbf5ea\" data-element_type=\"container\" data-e-type=\"container\">\n\t\t\t\t<div class=\"elementor-element elementor-element-812e28a elementor-widget elementor-widget-text-editor\" data-id=\"812e28a\" data-element_type=\"widget\" data-e-type=\"widget\" data-widget_type=\"text-editor.default\">\n\t\t\t\t<div class=\"elementor-widget-container\">\n\t\t\t\t\t\t\t\t\t<p>Chaque utilisation de donn\u00e9es s&rsquo;accompagne d&rsquo;un consentement sp\u00e9cifique et transparent. <strong>L&rsquo;utilisateur peut r\u00e9voquer son consentement \u00e0 tout moment<\/strong>, avec effet imm\u00e9diat. Les tiers doivent signer des accords sp\u00e9cifiques (DPA) et se conformer \u00e0 notre politique de s\u00e9curit\u00e9.<\/p>\t\t\t\t\t\t\t\t<\/div>\n\t\t\t\t<\/div>\n\t\t\t\t<\/div>\n\t\t\t\t\t<\/div>\n\t\t\t\t<\/div>\n\t\t<div class=\"elementor-element elementor-element-b014d20 e-flex e-con-boxed elementor-invisible e-con e-child\" data-id=\"b014d20\" data-element_type=\"container\" data-e-type=\"container\" data-settings=\"{&quot;animation&quot;:&quot;fadeInUp&quot;}\">\n\t\t\t\t\t<div class=\"e-con-inner\">\n\t\t<div class=\"elementor-element elementor-element-4a4b0d9 e-con-full e-flex e-con e-child\" data-id=\"4a4b0d9\" data-element_type=\"container\" data-e-type=\"container\">\n\t\t\t\t<div class=\"elementor-element elementor-element-ff83dc0 elementor-widget elementor-widget-heading\" data-id=\"ff83dc0\" data-element_type=\"widget\" data-e-type=\"widget\" data-widget_type=\"heading.default\">\n\t\t\t\t<div class=\"elementor-widget-container\">\n\t\t\t\t\t<h2 class=\"elementor-heading-title elementor-size-default\">Conformit\u00e9 poursuivie<\/h2>\t\t\t\t<\/div>\n\t\t\t\t<\/div>\n\t\t\t\t<\/div>\n\t\t<div class=\"elementor-element elementor-element-f97af09 e-con-full e-flex e-con e-child\" data-id=\"f97af09\" data-element_type=\"container\" data-e-type=\"container\">\n\t\t\t\t<div class=\"elementor-element elementor-element-595040b elementor-widget elementor-widget-text-editor\" data-id=\"595040b\" data-element_type=\"widget\" data-e-type=\"widget\" data-widget_type=\"text-editor.default\">\n\t\t\t\t<div class=\"elementor-widget-container\">\n\t\t\t\t\t\t\t\t\t<p>Konto adopte une approche proactive de la conformit\u00e9, avec des mises \u00e0 jour continues, des audits de s\u00e9curit\u00e9 et un comit\u00e9 d&rsquo;\u00e9thique technologique qui supervise l&rsquo;\u00e9volution des fonctionnalit\u00e9s.<br>L&rsquo;infrastructure est align\u00e9e sur les normes pertinentes : <strong>GDPR, NIS2, AI Act, EHDS, EAA<\/strong>.<\/p>\t\t\t\t\t\t\t\t<\/div>\n\t\t\t\t<\/div>\n\t\t\t\t<\/div>\n\t\t\t\t\t<\/div>\n\t\t\t\t<\/div>\n\t\t\t\t\t<\/div>\n\t\t\t\t<\/div>\n\t\t\t\t<\/div>\n\t\t","protected":false},"excerpt":{"rendered":"<p>Protection des donn\u00e9es La s\u00e9curit\u00e9 et la confidentialit\u00e9 des donn\u00e9es de sant\u00e9 des utilisateurs constituent le fondement du Konto. Tous les syst\u00e8mes sont con\u00e7us selon les principes de la \u00ab\u00a0privacy by design\u00a0\u00bb et de la \u00ab\u00a0privacy by default\u00a0\u00bb, conform\u00e9ment au GDPR et aux r\u00e9glementations europ\u00e9ennes en mati\u00e8re de protection des donn\u00e9es. Vous avez des doutes, [&hellip;]<\/p>\n","protected":false},"author":2,"featured_media":0,"parent":0,"menu_order":0,"comment_status":"closed","ping_status":"closed","template":"","meta":{"footnotes":""},"class_list":["post-835","page","type-page","status-publish","hentry"],"yoast_head":"<!-- This site is optimized with the Yoast SEO plugin v27.4 - https:\/\/yoast.com\/product\/yoast-seo-wordpress\/ -->\n<title>Protection des donn\u00e9es - Konto<\/title>\n<meta name=\"robots\" content=\"noindex, follow, max-snippet:-1, max-image-preview:large, max-video-preview:-1\" \/>\n<meta property=\"og:locale\" content=\"fr_FR\" \/>\n<meta property=\"og:type\" content=\"article\" \/>\n<meta property=\"og:title\" content=\"Protection des donn\u00e9es - Konto\" \/>\n<meta property=\"og:description\" content=\"Protection des donn\u00e9es La s\u00e9curit\u00e9 et la confidentialit\u00e9 des donn\u00e9es de sant\u00e9 des utilisateurs constituent le fondement du Konto. Tous les syst\u00e8mes sont con\u00e7us selon les principes de la \u00ab\u00a0privacy by design\u00a0\u00bb et de la \u00ab\u00a0privacy by default\u00a0\u00bb, conform\u00e9ment au GDPR et aux r\u00e9glementations europ\u00e9ennes en mati\u00e8re de protection des donn\u00e9es. Vous avez des doutes, [&hellip;]\" \/>\n<meta property=\"og:url\" content=\"https:\/\/kontomed.com\/fr\/protection-des-donnees\/\" \/>\n<meta property=\"og:site_name\" content=\"Konto\" \/>\n<meta property=\"article:modified_time\" content=\"2026-01-27T16:34:48+00:00\" \/>\n<meta name=\"twitter:card\" content=\"summary_large_image\" \/>\n<meta name=\"twitter:label1\" content=\"Dur\u00e9e de lecture estim\u00e9e\" \/>\n\t<meta name=\"twitter:data1\" content=\"2 minutes\" \/>\n<script type=\"application\/ld+json\" class=\"yoast-schema-graph\">{\"@context\":\"https:\\\/\\\/schema.org\",\"@graph\":[{\"@type\":\"WebPage\",\"@id\":\"https:\\\/\\\/kontomed.com\\\/fr\\\/protection-des-donnees\\\/\",\"url\":\"https:\\\/\\\/kontomed.com\\\/fr\\\/protection-des-donnees\\\/\",\"name\":\"Protection des donn\u00e9es - Konto\",\"isPartOf\":{\"@id\":\"https:\\\/\\\/kontomed.com\\\/fr\\\/#website\"},\"datePublished\":\"2025-05-21T09:31:24+00:00\",\"dateModified\":\"2026-01-27T16:34:48+00:00\",\"breadcrumb\":{\"@id\":\"https:\\\/\\\/kontomed.com\\\/fr\\\/protection-des-donnees\\\/#breadcrumb\"},\"inLanguage\":\"fr-FR\",\"potentialAction\":[{\"@type\":\"ReadAction\",\"target\":[\"https:\\\/\\\/kontomed.com\\\/fr\\\/protection-des-donnees\\\/\"]}]},{\"@type\":\"BreadcrumbList\",\"@id\":\"https:\\\/\\\/kontomed.com\\\/fr\\\/protection-des-donnees\\\/#breadcrumb\",\"itemListElement\":[{\"@type\":\"ListItem\",\"position\":1,\"name\":\"Home\",\"item\":\"https:\\\/\\\/kontomed.com\\\/fr\\\/accueil\\\/\"},{\"@type\":\"ListItem\",\"position\":2,\"name\":\"Protection des donn\u00e9es\"}]},{\"@type\":\"WebSite\",\"@id\":\"https:\\\/\\\/kontomed.com\\\/fr\\\/#website\",\"url\":\"https:\\\/\\\/kontomed.com\\\/fr\\\/\",\"name\":\"Konto\",\"description\":\"\",\"publisher\":{\"@id\":\"https:\\\/\\\/kontomed.com\\\/fr\\\/#organization\"},\"potentialAction\":[{\"@type\":\"SearchAction\",\"target\":{\"@type\":\"EntryPoint\",\"urlTemplate\":\"https:\\\/\\\/kontomed.com\\\/fr\\\/?s={search_term_string}\"},\"query-input\":{\"@type\":\"PropertyValueSpecification\",\"valueRequired\":true,\"valueName\":\"search_term_string\"}}],\"inLanguage\":\"fr-FR\"},{\"@type\":\"Organization\",\"@id\":\"https:\\\/\\\/kontomed.com\\\/fr\\\/#organization\",\"name\":\"Konto\",\"url\":\"https:\\\/\\\/kontomed.com\\\/fr\\\/\",\"logo\":{\"@type\":\"ImageObject\",\"inLanguage\":\"fr-FR\",\"@id\":\"https:\\\/\\\/kontomed.com\\\/fr\\\/#\\\/schema\\\/logo\\\/image\\\/\",\"url\":\"https:\\\/\\\/kontomed.com\\\/wp-content\\\/uploads\\\/2025\\\/05\\\/logo-konto-negative.png\",\"contentUrl\":\"https:\\\/\\\/kontomed.com\\\/wp-content\\\/uploads\\\/2025\\\/05\\\/logo-konto-negative.png\",\"width\":500,\"height\":500,\"caption\":\"Konto\"},\"image\":{\"@id\":\"https:\\\/\\\/kontomed.com\\\/fr\\\/#\\\/schema\\\/logo\\\/image\\\/\"}}]}<\/script>\n<!-- \/ Yoast SEO plugin. -->","yoast_head_json":{"title":"Protection des donn\u00e9es - Konto","robots":{"index":"noindex","follow":"follow","max-snippet":"max-snippet:-1","max-image-preview":"max-image-preview:large","max-video-preview":"max-video-preview:-1"},"og_locale":"fr_FR","og_type":"article","og_title":"Protection des donn\u00e9es - Konto","og_description":"Protection des donn\u00e9es La s\u00e9curit\u00e9 et la confidentialit\u00e9 des donn\u00e9es de sant\u00e9 des utilisateurs constituent le fondement du Konto. Tous les syst\u00e8mes sont con\u00e7us selon les principes de la \u00ab\u00a0privacy by design\u00a0\u00bb et de la \u00ab\u00a0privacy by default\u00a0\u00bb, conform\u00e9ment au GDPR et aux r\u00e9glementations europ\u00e9ennes en mati\u00e8re de protection des donn\u00e9es. Vous avez des doutes, [&hellip;]","og_url":"https:\/\/kontomed.com\/fr\/protection-des-donnees\/","og_site_name":"Konto","article_modified_time":"2026-01-27T16:34:48+00:00","twitter_card":"summary_large_image","twitter_misc":{"Dur\u00e9e de lecture estim\u00e9e":"2 minutes"},"schema":{"@context":"https:\/\/schema.org","@graph":[{"@type":"WebPage","@id":"https:\/\/kontomed.com\/fr\/protection-des-donnees\/","url":"https:\/\/kontomed.com\/fr\/protection-des-donnees\/","name":"Protection des donn\u00e9es - Konto","isPartOf":{"@id":"https:\/\/kontomed.com\/fr\/#website"},"datePublished":"2025-05-21T09:31:24+00:00","dateModified":"2026-01-27T16:34:48+00:00","breadcrumb":{"@id":"https:\/\/kontomed.com\/fr\/protection-des-donnees\/#breadcrumb"},"inLanguage":"fr-FR","potentialAction":[{"@type":"ReadAction","target":["https:\/\/kontomed.com\/fr\/protection-des-donnees\/"]}]},{"@type":"BreadcrumbList","@id":"https:\/\/kontomed.com\/fr\/protection-des-donnees\/#breadcrumb","itemListElement":[{"@type":"ListItem","position":1,"name":"Home","item":"https:\/\/kontomed.com\/fr\/accueil\/"},{"@type":"ListItem","position":2,"name":"Protection des donn\u00e9es"}]},{"@type":"WebSite","@id":"https:\/\/kontomed.com\/fr\/#website","url":"https:\/\/kontomed.com\/fr\/","name":"Konto","description":"","publisher":{"@id":"https:\/\/kontomed.com\/fr\/#organization"},"potentialAction":[{"@type":"SearchAction","target":{"@type":"EntryPoint","urlTemplate":"https:\/\/kontomed.com\/fr\/?s={search_term_string}"},"query-input":{"@type":"PropertyValueSpecification","valueRequired":true,"valueName":"search_term_string"}}],"inLanguage":"fr-FR"},{"@type":"Organization","@id":"https:\/\/kontomed.com\/fr\/#organization","name":"Konto","url":"https:\/\/kontomed.com\/fr\/","logo":{"@type":"ImageObject","inLanguage":"fr-FR","@id":"https:\/\/kontomed.com\/fr\/#\/schema\/logo\/image\/","url":"https:\/\/kontomed.com\/wp-content\/uploads\/2025\/05\/logo-konto-negative.png","contentUrl":"https:\/\/kontomed.com\/wp-content\/uploads\/2025\/05\/logo-konto-negative.png","width":500,"height":500,"caption":"Konto"},"image":{"@id":"https:\/\/kontomed.com\/fr\/#\/schema\/logo\/image\/"}}]}},"_links":{"self":[{"href":"https:\/\/kontomed.com\/fr\/wp-json\/wp\/v2\/pages\/835","targetHints":{"allow":["GET"]}}],"collection":[{"href":"https:\/\/kontomed.com\/fr\/wp-json\/wp\/v2\/pages"}],"about":[{"href":"https:\/\/kontomed.com\/fr\/wp-json\/wp\/v2\/types\/page"}],"author":[{"embeddable":true,"href":"https:\/\/kontomed.com\/fr\/wp-json\/wp\/v2\/users\/2"}],"replies":[{"embeddable":true,"href":"https:\/\/kontomed.com\/fr\/wp-json\/wp\/v2\/comments?post=835"}],"version-history":[{"count":6,"href":"https:\/\/kontomed.com\/fr\/wp-json\/wp\/v2\/pages\/835\/revisions"}],"predecessor-version":[{"id":1134,"href":"https:\/\/kontomed.com\/fr\/wp-json\/wp\/v2\/pages\/835\/revisions\/1134"}],"wp:attachment":[{"href":"https:\/\/kontomed.com\/fr\/wp-json\/wp\/v2\/media?parent=835"}],"curies":[{"name":"wp","href":"https:\/\/api.w.org\/{rel}","templated":true}]}}