{"id":975,"date":"2025-05-21T09:29:45","date_gmt":"2025-05-21T09:29:45","guid":{"rendered":"https:\/\/kontomed.com\/technologies\/"},"modified":"2026-01-27T16:36:31","modified_gmt":"2026-01-27T16:36:31","slug":"technologies","status":"publish","type":"page","link":"https:\/\/kontomed.com\/fr\/technologies\/","title":{"rendered":"Technologies"},"content":{"rendered":"\t\t<div data-elementor-type=\"wp-page\" data-elementor-id=\"975\" class=\"elementor elementor-975 elementor-419\" data-elementor-post-type=\"page\">\n\t\t\t\t<div class=\"elementor-element elementor-element-641294f e-flex e-con-boxed e-con e-parent\" data-id=\"641294f\" data-element_type=\"container\" data-e-type=\"container\" data-settings=\"{&quot;background_background&quot;:&quot;classic&quot;}\">\n\t\t\t\t\t<div class=\"e-con-inner\">\n\t\t<div class=\"elementor-element elementor-element-86bfaa6 e-con-full e-flex e-con e-child\" data-id=\"86bfaa6\" data-element_type=\"container\" data-e-type=\"container\">\n\t\t\t\t<div class=\"elementor-element elementor-element-ea488a1 elementor-widget elementor-widget-heading\" data-id=\"ea488a1\" data-element_type=\"widget\" data-e-type=\"widget\" data-widget_type=\"heading.default\">\n\t\t\t\t<div class=\"elementor-widget-container\">\n\t\t\t\t\t<h1 class=\"elementor-heading-title elementor-size-default\">technologies<\/h1>\t\t\t\t<\/div>\n\t\t\t\t<\/div>\n\t\t\t\t<div class=\"elementor-element elementor-element-16005af elementor-widget elementor-widget-text-editor\" data-id=\"16005af\" data-element_type=\"widget\" data-e-type=\"widget\" data-widget_type=\"text-editor.default\">\n\t\t\t\t<div class=\"elementor-widget-container\">\n\t\t\t\t\t\t\t\t\t<p>Konto int\u00e8gre des infrastructures num\u00e9riques avanc\u00e9es pour garantir la s\u00e9curit\u00e9, l&rsquo;\u00e9volutivit\u00e9 et l&rsquo;intelligence artificielle dans la gestion des donn\u00e9es de sant\u00e9. Chaque composant est con\u00e7u pour r\u00e9pondre aux d\u00e9fis les plus actuels de l&rsquo;industrie, avec un \u0153il sur l&rsquo;avenir des soins de sant\u00e9 num\u00e9riques. <\/p>\t\t\t\t\t\t\t\t<\/div>\n\t\t\t\t<\/div>\n\t\t\t\t<div class=\"elementor-element elementor-element-e5fed99 elementor-align-center elementor-widget elementor-widget-button\" data-id=\"e5fed99\" data-element_type=\"widget\" data-e-type=\"widget\" data-widget_type=\"button.default\">\n\t\t\t\t<div class=\"elementor-widget-container\">\n\t\t\t\t\t\t\t\t\t<div class=\"elementor-button-wrapper\">\n\t\t\t\t\t<a class=\"elementor-button elementor-button-link elementor-size-sm\" href=\"#more\">\n\t\t\t\t\t\t<span class=\"elementor-button-content-wrapper\">\n\t\t\t\t\t\t<span class=\"elementor-button-icon\">\n\t\t\t\t<svg aria-hidden=\"true\" class=\"e-font-icon-svg e-fas-angle-double-down\" viewBox=\"0 0 320 512\" xmlns=\"http:\/\/www.w3.org\/2000\/svg\"><path d=\"M143 256.3L7 120.3c-9.4-9.4-9.4-24.6 0-33.9l22.6-22.6c9.4-9.4 24.6-9.4 33.9 0l96.4 96.4 96.4-96.4c9.4-9.4 24.6-9.4 33.9 0L313 86.3c9.4 9.4 9.4 24.6 0 33.9l-136 136c-9.4 9.5-24.6 9.5-34 .1zm34 192l136-136c9.4-9.4 9.4-24.6 0-33.9l-22.6-22.6c-9.4-9.4-24.6-9.4-33.9 0L160 352.1l-96.4-96.4c-9.4-9.4-24.6-9.4-33.9 0L7 278.3c-9.4 9.4-9.4 24.6 0 33.9l136 136c9.4 9.5 24.6 9.5 34 .1z\"><\/path><\/svg>\t\t\t<\/span>\n\t\t\t\t\t\t\t\t\t<span class=\"elementor-button-text\">En savoir plus<\/span>\n\t\t\t\t\t<\/span>\n\t\t\t\t\t<\/a>\n\t\t\t\t<\/div>\n\t\t\t\t\t\t\t\t<\/div>\n\t\t\t\t<\/div>\n\t\t\t\t<\/div>\n\t\t\t\t\t<\/div>\n\t\t\t\t<\/div>\n\t\t<div class=\"elementor-element elementor-element-f5108c0 e-flex e-con-boxed e-con e-parent\" data-id=\"f5108c0\" data-element_type=\"container\" data-e-type=\"container\" id=\"more\">\n\t\t\t\t\t<div class=\"e-con-inner\">\n\t\t<div class=\"elementor-element elementor-element-d4cd293 e-flex e-con-boxed elementor-invisible e-con e-child\" data-id=\"d4cd293\" data-element_type=\"container\" data-e-type=\"container\" data-settings=\"{&quot;animation&quot;:&quot;fadeInUp&quot;}\">\n\t\t\t\t\t<div class=\"e-con-inner\">\n\t\t<div class=\"elementor-element elementor-element-31ef1a5 e-con-full e-flex e-con e-child\" data-id=\"31ef1a5\" data-element_type=\"container\" data-e-type=\"container\">\n\t\t\t\t<div class=\"elementor-element elementor-element-6bf07b1 elementor-widget elementor-widget-heading\" data-id=\"6bf07b1\" data-element_type=\"widget\" data-e-type=\"widget\" data-widget_type=\"heading.default\">\n\t\t\t\t<div class=\"elementor-widget-container\">\n\t\t\t\t\t<h2 class=\"elementor-heading-title elementor-size-default\">Mod\u00e8les linguistiques AI et LLM<\/h2>\t\t\t\t<\/div>\n\t\t\t\t<\/div>\n\t\t\t\t<\/div>\n\t\t<div class=\"elementor-element elementor-element-da35810 e-con-full e-flex e-con e-child\" data-id=\"da35810\" data-element_type=\"container\" data-e-type=\"container\">\n\t\t\t\t<div class=\"elementor-element elementor-element-29b8973 elementor-widget elementor-widget-text-editor\" data-id=\"29b8973\" data-element_type=\"widget\" data-e-type=\"widget\" data-widget_type=\"text-editor.default\">\n\t\t\t\t<div class=\"elementor-widget-container\">\n\t\t\t\t\t\t\t\t\t<p>Les rapports, les examens et les documents cliniques sont lus et r\u00e9sum\u00e9s \u00e0 l&rsquo;aide de mod\u00e8les d&rsquo;IA avanc\u00e9s (OCR + LLM). L&rsquo;utilisateur b\u00e9n\u00e9ficie d&rsquo;une organisation automatique des donn\u00e9es et de suggestions personnalis\u00e9es, toujours dans le respect de la vie priv\u00e9e. <\/p>\t\t\t\t\t\t\t\t<\/div>\n\t\t\t\t<\/div>\n\t\t\t\t<\/div>\n\t\t\t\t\t<\/div>\n\t\t\t\t<\/div>\n\t\t<div class=\"elementor-element elementor-element-a15a7aa e-flex e-con-boxed elementor-invisible e-con e-child\" data-id=\"a15a7aa\" data-element_type=\"container\" data-e-type=\"container\" data-settings=\"{&quot;animation&quot;:&quot;fadeInUp&quot;}\">\n\t\t\t\t\t<div class=\"e-con-inner\">\n\t\t<div class=\"elementor-element elementor-element-1e13b52 e-con-full e-flex e-con e-child\" data-id=\"1e13b52\" data-element_type=\"container\" data-e-type=\"container\">\n\t\t\t\t<div class=\"elementor-element elementor-element-443ca5f elementor-widget elementor-widget-heading\" data-id=\"443ca5f\" data-element_type=\"widget\" data-e-type=\"widget\" data-widget_type=\"heading.default\">\n\t\t\t\t<div class=\"elementor-widget-container\">\n\t\t\t\t\t<h2 class=\"elementor-heading-title elementor-size-default\">OCR intelligente<\/h2>\t\t\t\t<\/div>\n\t\t\t\t<\/div>\n\t\t\t\t<\/div>\n\t\t<div class=\"elementor-element elementor-element-c690b73 e-con-full e-flex e-con e-child\" data-id=\"c690b73\" data-element_type=\"container\" data-e-type=\"container\">\n\t\t\t\t<div class=\"elementor-element elementor-element-baa1107 elementor-widget elementor-widget-text-editor\" data-id=\"baa1107\" data-element_type=\"widget\" data-e-type=\"widget\" data-widget_type=\"text-editor.default\">\n\t\t\t\t<div class=\"elementor-widget-container\">\n\t\t\t\t\t\t\t\t\t<p>Les rapports t\u00e9l\u00e9charg\u00e9s de mani\u00e8re d\u00e9sordonn\u00e9e sont automatiquement lus et class\u00e9s par domaine m\u00e9dical et par date. Le syst\u00e8me permet \u00e9galement de d\u00e9tecter les examens en retard ou les th\u00e9rapies incompl\u00e8tes. <\/p>\t\t\t\t\t\t\t\t<\/div>\n\t\t\t\t<\/div>\n\t\t\t\t<\/div>\n\t\t\t\t\t<\/div>\n\t\t\t\t<\/div>\n\t\t<div class=\"elementor-element elementor-element-baefed8 e-flex e-con-boxed elementor-invisible e-con e-child\" data-id=\"baefed8\" data-element_type=\"container\" data-e-type=\"container\" data-settings=\"{&quot;animation&quot;:&quot;fadeInUp&quot;}\">\n\t\t\t\t\t<div class=\"e-con-inner\">\n\t\t<div class=\"elementor-element elementor-element-3b968a7 e-con-full e-flex e-con e-child\" data-id=\"3b968a7\" data-element_type=\"container\" data-e-type=\"container\">\n\t\t\t\t<div class=\"elementor-element elementor-element-35c8276 elementor-widget elementor-widget-heading\" data-id=\"35c8276\" data-element_type=\"widget\" data-e-type=\"widget\" data-widget_type=\"heading.default\">\n\t\t\t\t<div class=\"elementor-widget-container\">\n\t\t\t\t\t<h2 class=\"elementor-heading-title elementor-size-default\">Rappels pr\u00e9dictifs<\/h2>\t\t\t\t<\/div>\n\t\t\t\t<\/div>\n\t\t\t\t<\/div>\n\t\t<div class=\"elementor-element elementor-element-2968964 e-con-full e-flex e-con e-child\" data-id=\"2968964\" data-element_type=\"container\" data-e-type=\"container\">\n\t\t\t\t<div class=\"elementor-element elementor-element-4e7f0ea elementor-widget elementor-widget-text-editor\" data-id=\"4e7f0ea\" data-element_type=\"widget\" data-e-type=\"widget\" data-widget_type=\"text-editor.default\">\n\t\t\t\t<div class=\"elementor-widget-container\">\n\t\t\t\t\t\t\t\t\tBas\u00e9 sur les donn\u00e9es de sant\u00e9, le mode de vie et les directives cliniques, Konto g\u00e9n\u00e8re des rappels personnalis\u00e9s pour \u00e9viter les oublis ou les retards de traitement. Une fonction con\u00e7ue pour soutenir v\u00e9ritablement l&rsquo;adh\u00e9sion th\u00e9rapeutique. \t\t\t\t\t\t\t\t<\/div>\n\t\t\t\t<\/div>\n\t\t\t\t<\/div>\n\t\t\t\t\t<\/div>\n\t\t\t\t<\/div>\n\t\t<div class=\"elementor-element elementor-element-a669cdc e-flex e-con-boxed elementor-invisible e-con e-child\" data-id=\"a669cdc\" data-element_type=\"container\" data-e-type=\"container\" data-settings=\"{&quot;animation&quot;:&quot;fadeInUp&quot;}\">\n\t\t\t\t\t<div class=\"e-con-inner\">\n\t\t<div class=\"elementor-element elementor-element-bca8251 e-con-full e-flex e-con e-child\" data-id=\"bca8251\" data-element_type=\"container\" data-e-type=\"container\">\n\t\t\t\t<div class=\"elementor-element elementor-element-f2c4bbd elementor-widget elementor-widget-heading\" data-id=\"f2c4bbd\" data-element_type=\"widget\" data-e-type=\"widget\" data-widget_type=\"heading.default\">\n\t\t\t\t<div class=\"elementor-widget-container\">\n\t\t\t\t\t<h2 class=\"elementor-heading-title elementor-size-default\">Tableaux de bord avanc\u00e9s<\/h2>\t\t\t\t<\/div>\n\t\t\t\t<\/div>\n\t\t\t\t<\/div>\n\t\t<div class=\"elementor-element elementor-element-3b9354e e-con-full e-flex e-con e-child\" data-id=\"3b9354e\" data-element_type=\"container\" data-e-type=\"container\">\n\t\t\t\t<div class=\"elementor-element elementor-element-25f535d elementor-widget elementor-widget-text-editor\" data-id=\"25f535d\" data-element_type=\"widget\" data-e-type=\"widget\" data-widget_type=\"text-editor.default\">\n\t\t\t\t<div class=\"elementor-widget-container\">\n\t\t\t\t\t\t\t\t\t<p class=\"p1\">Les professionnels et les structures partenaires acc\u00e8dent \u00e0 des tableaux de bord d\u00e9di\u00e9s pour visualiser, g\u00e9rer et demander des documents dans le respect des autorisations. Les utilisateurs peuvent \u00e9galement contr\u00f4ler l&rsquo;acc\u00e8s et l&rsquo;historique de leurs donn\u00e9es. <\/p>\t\t\t\t\t\t\t\t<\/div>\n\t\t\t\t<\/div>\n\t\t\t\t<\/div>\n\t\t\t\t\t<\/div>\n\t\t\t\t<\/div>\n\t\t<div class=\"elementor-element elementor-element-b5ac5d0 e-flex e-con-boxed elementor-invisible e-con e-child\" data-id=\"b5ac5d0\" data-element_type=\"container\" data-e-type=\"container\" data-settings=\"{&quot;animation&quot;:&quot;fadeInUp&quot;}\">\n\t\t\t\t\t<div class=\"e-con-inner\">\n\t\t<div class=\"elementor-element elementor-element-8025573 e-con-full e-flex e-con e-child\" data-id=\"8025573\" data-element_type=\"container\" data-e-type=\"container\">\n\t\t\t\t<div class=\"elementor-element elementor-element-eb4ba5a elementor-widget elementor-widget-heading\" data-id=\"eb4ba5a\" data-element_type=\"widget\" data-e-type=\"widget\" data-widget_type=\"heading.default\">\n\t\t\t\t<div class=\"elementor-widget-container\">\n\t\t\t\t\t<h2 class=\"elementor-heading-title elementor-size-default\">Nuage europ\u00e9en<\/h2>\t\t\t\t<\/div>\n\t\t\t\t<\/div>\n\t\t\t\t<\/div>\n\t\t<div class=\"elementor-element elementor-element-850e563 e-con-full e-flex e-con e-child\" data-id=\"850e563\" data-element_type=\"container\" data-e-type=\"container\">\n\t\t\t\t<div class=\"elementor-element elementor-element-ccfad14 elementor-widget elementor-widget-text-editor\" data-id=\"ccfad14\" data-element_type=\"widget\" data-e-type=\"widget\" data-widget_type=\"text-editor.default\">\n\t\t\t\t<div class=\"elementor-widget-container\">\n\t\t\t\t\t\t\t\t\t<p>Les donn\u00e9es de sant\u00e9 sont stock\u00e9es sur des serveurs situ\u00e9s exclusivement en Europe (Azure ou AWS EU), en conformit\u00e9 avec la r\u00e9glementation GDPR. La structure est con\u00e7ue pour g\u00e9rer de gros volumes en toute s\u00e9curit\u00e9, m\u00eame dans un contexte international. <\/p>\t\t\t\t\t\t\t\t<\/div>\n\t\t\t\t<\/div>\n\t\t\t\t<\/div>\n\t\t\t\t\t<\/div>\n\t\t\t\t<\/div>\n\t\t\t\t\t<\/div>\n\t\t\t\t<\/div>\n\t\t\t\t<\/div>\n\t\t","protected":false},"excerpt":{"rendered":"<p>technologies Konto int\u00e8gre des infrastructures num\u00e9riques avanc\u00e9es pour garantir la s\u00e9curit\u00e9, l&rsquo;\u00e9volutivit\u00e9 et l&rsquo;intelligence artificielle dans la gestion des donn\u00e9es de sant\u00e9. Chaque composant est con\u00e7u pour r\u00e9pondre aux d\u00e9fis les plus actuels de l&rsquo;industrie, avec un \u0153il sur l&rsquo;avenir des soins de sant\u00e9 num\u00e9riques. En savoir plus Mod\u00e8les linguistiques AI et LLM Les rapports, [&hellip;]<\/p>\n","protected":false},"author":2,"featured_media":0,"parent":0,"menu_order":0,"comment_status":"closed","ping_status":"closed","template":"","meta":{"footnotes":""},"class_list":["post-975","page","type-page","status-publish","hentry"],"yoast_head":"<!-- This site is optimized with the Yoast SEO plugin v27.4 - https:\/\/yoast.com\/product\/yoast-seo-wordpress\/ -->\n<title>Technologies - Konto<\/title>\n<meta name=\"robots\" content=\"noindex, follow, max-snippet:-1, max-image-preview:large, max-video-preview:-1\" \/>\n<meta property=\"og:locale\" content=\"fr_FR\" \/>\n<meta property=\"og:type\" content=\"article\" \/>\n<meta property=\"og:title\" content=\"Technologies - Konto\" \/>\n<meta property=\"og:description\" content=\"technologies Konto int\u00e8gre des infrastructures num\u00e9riques avanc\u00e9es pour garantir la s\u00e9curit\u00e9, l&rsquo;\u00e9volutivit\u00e9 et l&rsquo;intelligence artificielle dans la gestion des donn\u00e9es de sant\u00e9. Chaque composant est con\u00e7u pour r\u00e9pondre aux d\u00e9fis les plus actuels de l&rsquo;industrie, avec un \u0153il sur l&rsquo;avenir des soins de sant\u00e9 num\u00e9riques. En savoir plus Mod\u00e8les linguistiques AI et LLM Les rapports, [&hellip;]\" \/>\n<meta property=\"og:url\" content=\"https:\/\/kontomed.com\/fr\/technologies\/\" \/>\n<meta property=\"og:site_name\" content=\"Konto\" \/>\n<meta property=\"article:modified_time\" content=\"2026-01-27T16:36:31+00:00\" \/>\n<meta name=\"twitter:card\" content=\"summary_large_image\" \/>\n<meta name=\"twitter:label1\" content=\"Dur\u00e9e de lecture estim\u00e9e\" \/>\n\t<meta name=\"twitter:data1\" content=\"2 minutes\" \/>\n<script type=\"application\/ld+json\" class=\"yoast-schema-graph\">{\"@context\":\"https:\\\/\\\/schema.org\",\"@graph\":[{\"@type\":\"WebPage\",\"@id\":\"https:\\\/\\\/kontomed.com\\\/fr\\\/technologies\\\/\",\"url\":\"https:\\\/\\\/kontomed.com\\\/fr\\\/technologies\\\/\",\"name\":\"Technologies - Konto\",\"isPartOf\":{\"@id\":\"https:\\\/\\\/kontomed.com\\\/fr\\\/#website\"},\"datePublished\":\"2025-05-21T09:29:45+00:00\",\"dateModified\":\"2026-01-27T16:36:31+00:00\",\"breadcrumb\":{\"@id\":\"https:\\\/\\\/kontomed.com\\\/fr\\\/technologies\\\/#breadcrumb\"},\"inLanguage\":\"fr-FR\",\"potentialAction\":[{\"@type\":\"ReadAction\",\"target\":[\"https:\\\/\\\/kontomed.com\\\/fr\\\/technologies\\\/\"]}]},{\"@type\":\"BreadcrumbList\",\"@id\":\"https:\\\/\\\/kontomed.com\\\/fr\\\/technologies\\\/#breadcrumb\",\"itemListElement\":[{\"@type\":\"ListItem\",\"position\":1,\"name\":\"Home\",\"item\":\"https:\\\/\\\/kontomed.com\\\/fr\\\/accueil\\\/\"},{\"@type\":\"ListItem\",\"position\":2,\"name\":\"Technologies\"}]},{\"@type\":\"WebSite\",\"@id\":\"https:\\\/\\\/kontomed.com\\\/fr\\\/#website\",\"url\":\"https:\\\/\\\/kontomed.com\\\/fr\\\/\",\"name\":\"Konto\",\"description\":\"\",\"publisher\":{\"@id\":\"https:\\\/\\\/kontomed.com\\\/fr\\\/#organization\"},\"potentialAction\":[{\"@type\":\"SearchAction\",\"target\":{\"@type\":\"EntryPoint\",\"urlTemplate\":\"https:\\\/\\\/kontomed.com\\\/fr\\\/?s={search_term_string}\"},\"query-input\":{\"@type\":\"PropertyValueSpecification\",\"valueRequired\":true,\"valueName\":\"search_term_string\"}}],\"inLanguage\":\"fr-FR\"},{\"@type\":\"Organization\",\"@id\":\"https:\\\/\\\/kontomed.com\\\/fr\\\/#organization\",\"name\":\"Konto\",\"url\":\"https:\\\/\\\/kontomed.com\\\/fr\\\/\",\"logo\":{\"@type\":\"ImageObject\",\"inLanguage\":\"fr-FR\",\"@id\":\"https:\\\/\\\/kontomed.com\\\/fr\\\/#\\\/schema\\\/logo\\\/image\\\/\",\"url\":\"https:\\\/\\\/kontomed.com\\\/wp-content\\\/uploads\\\/2025\\\/05\\\/logo-konto-negative.png\",\"contentUrl\":\"https:\\\/\\\/kontomed.com\\\/wp-content\\\/uploads\\\/2025\\\/05\\\/logo-konto-negative.png\",\"width\":500,\"height\":500,\"caption\":\"Konto\"},\"image\":{\"@id\":\"https:\\\/\\\/kontomed.com\\\/fr\\\/#\\\/schema\\\/logo\\\/image\\\/\"}}]}<\/script>\n<!-- \/ Yoast SEO plugin. -->","yoast_head_json":{"title":"Technologies - Konto","robots":{"index":"noindex","follow":"follow","max-snippet":"max-snippet:-1","max-image-preview":"max-image-preview:large","max-video-preview":"max-video-preview:-1"},"og_locale":"fr_FR","og_type":"article","og_title":"Technologies - Konto","og_description":"technologies Konto int\u00e8gre des infrastructures num\u00e9riques avanc\u00e9es pour garantir la s\u00e9curit\u00e9, l&rsquo;\u00e9volutivit\u00e9 et l&rsquo;intelligence artificielle dans la gestion des donn\u00e9es de sant\u00e9. Chaque composant est con\u00e7u pour r\u00e9pondre aux d\u00e9fis les plus actuels de l&rsquo;industrie, avec un \u0153il sur l&rsquo;avenir des soins de sant\u00e9 num\u00e9riques. En savoir plus Mod\u00e8les linguistiques AI et LLM Les rapports, [&hellip;]","og_url":"https:\/\/kontomed.com\/fr\/technologies\/","og_site_name":"Konto","article_modified_time":"2026-01-27T16:36:31+00:00","twitter_card":"summary_large_image","twitter_misc":{"Dur\u00e9e de lecture estim\u00e9e":"2 minutes"},"schema":{"@context":"https:\/\/schema.org","@graph":[{"@type":"WebPage","@id":"https:\/\/kontomed.com\/fr\/technologies\/","url":"https:\/\/kontomed.com\/fr\/technologies\/","name":"Technologies - Konto","isPartOf":{"@id":"https:\/\/kontomed.com\/fr\/#website"},"datePublished":"2025-05-21T09:29:45+00:00","dateModified":"2026-01-27T16:36:31+00:00","breadcrumb":{"@id":"https:\/\/kontomed.com\/fr\/technologies\/#breadcrumb"},"inLanguage":"fr-FR","potentialAction":[{"@type":"ReadAction","target":["https:\/\/kontomed.com\/fr\/technologies\/"]}]},{"@type":"BreadcrumbList","@id":"https:\/\/kontomed.com\/fr\/technologies\/#breadcrumb","itemListElement":[{"@type":"ListItem","position":1,"name":"Home","item":"https:\/\/kontomed.com\/fr\/accueil\/"},{"@type":"ListItem","position":2,"name":"Technologies"}]},{"@type":"WebSite","@id":"https:\/\/kontomed.com\/fr\/#website","url":"https:\/\/kontomed.com\/fr\/","name":"Konto","description":"","publisher":{"@id":"https:\/\/kontomed.com\/fr\/#organization"},"potentialAction":[{"@type":"SearchAction","target":{"@type":"EntryPoint","urlTemplate":"https:\/\/kontomed.com\/fr\/?s={search_term_string}"},"query-input":{"@type":"PropertyValueSpecification","valueRequired":true,"valueName":"search_term_string"}}],"inLanguage":"fr-FR"},{"@type":"Organization","@id":"https:\/\/kontomed.com\/fr\/#organization","name":"Konto","url":"https:\/\/kontomed.com\/fr\/","logo":{"@type":"ImageObject","inLanguage":"fr-FR","@id":"https:\/\/kontomed.com\/fr\/#\/schema\/logo\/image\/","url":"https:\/\/kontomed.com\/wp-content\/uploads\/2025\/05\/logo-konto-negative.png","contentUrl":"https:\/\/kontomed.com\/wp-content\/uploads\/2025\/05\/logo-konto-negative.png","width":500,"height":500,"caption":"Konto"},"image":{"@id":"https:\/\/kontomed.com\/fr\/#\/schema\/logo\/image\/"}}]}},"_links":{"self":[{"href":"https:\/\/kontomed.com\/fr\/wp-json\/wp\/v2\/pages\/975","targetHints":{"allow":["GET"]}}],"collection":[{"href":"https:\/\/kontomed.com\/fr\/wp-json\/wp\/v2\/pages"}],"about":[{"href":"https:\/\/kontomed.com\/fr\/wp-json\/wp\/v2\/types\/page"}],"author":[{"embeddable":true,"href":"https:\/\/kontomed.com\/fr\/wp-json\/wp\/v2\/users\/2"}],"replies":[{"embeddable":true,"href":"https:\/\/kontomed.com\/fr\/wp-json\/wp\/v2\/comments?post=975"}],"version-history":[{"count":4,"href":"https:\/\/kontomed.com\/fr\/wp-json\/wp\/v2\/pages\/975\/revisions"}],"predecessor-version":[{"id":1140,"href":"https:\/\/kontomed.com\/fr\/wp-json\/wp\/v2\/pages\/975\/revisions\/1140"}],"wp:attachment":[{"href":"https:\/\/kontomed.com\/fr\/wp-json\/wp\/v2\/media?parent=975"}],"curies":[{"name":"wp","href":"https:\/\/api.w.org\/{rel}","templated":true}]}}